{"id":2694,"date":"2024-04-09T18:24:47","date_gmt":"2024-04-09T18:24:47","guid":{"rendered":"https:\/\/www.furanflex.sk\/?page_id=2694"},"modified":"2024-11-08T13:26:16","modified_gmt":"2024-11-08T13:26:16","slug":"typy-vloziek-material","status":"publish","type":"page","link":"https:\/\/www.furanflex.sk\/?page_id=2694","title":{"rendered":"Typy vlo\u017eiek &#8211; materi\u00e1l"},"content":{"rendered":"\t\t<div data-elementor-type=\"wp-page\" data-elementor-id=\"2694\" class=\"elementor elementor-2694\">\n\t\t\t\t\t\t<section class=\"elementor-section elementor-top-section elementor-element elementor-element-8c3c69c elementor-section-boxed elementor-section-height-default elementor-section-height-default\" data-id=\"8c3c69c\" data-element_type=\"section\">\n\t\t\t\t\t\t<div class=\"elementor-container elementor-column-gap-default\">\n\t\t\t\t\t<div class=\"elementor-column elementor-col-100 elementor-top-column elementor-element elementor-element-6cbc1de\" data-id=\"6cbc1de\" data-element_type=\"column\">\n\t\t\t<div class=\"elementor-widget-wrap elementor-element-populated\">\n\t\t\t\t\t\t<div class=\"elementor-element elementor-element-520ae15 elementor-widget elementor-widget-spacer\" data-id=\"520ae15\" data-element_type=\"widget\" data-widget_type=\"spacer.default\">\n\t\t\t\t<div class=\"elementor-widget-container\">\n\t\t\t\t\t<div class=\"elementor-spacer\">\n\t\t\t<div class=\"elementor-spacer-inner\"><\/div>\n\t\t<\/div>\n\t\t\t\t<\/div>\n\t\t\t\t<\/div>\n\t\t\t\t<section class=\"elementor-section elementor-inner-section elementor-element elementor-element-3e040b4 elementor-section-boxed elementor-section-height-default elementor-section-height-default\" data-id=\"3e040b4\" data-element_type=\"section\">\n\t\t\t\t\t\t<div class=\"elementor-container elementor-column-gap-default\">\n\t\t\t\t\t<div class=\"elementor-column elementor-col-20 elementor-inner-column elementor-element elementor-element-dca780a\" data-id=\"dca780a\" data-element_type=\"column\">\n\t\t\t<div class=\"elementor-widget-wrap elementor-element-populated\">\n\t\t\t\t\t\t<div class=\"elementor-element elementor-element-c896192 elementor-widget elementor-widget-image\" data-id=\"c896192\" data-element_type=\"widget\" data-widget_type=\"image.default\">\n\t\t\t\t<div class=\"elementor-widget-container\">\n\t\t\t\t\t\t\t\t\t\t\t\t\t\t<a href=\"https:\/\/www.furanflex.sk\/?page_id=2626\">\n\t\t\t\t\t\t\t<img fetchpriority=\"high\" decoding=\"async\" width=\"170\" height=\"521\" src=\"https:\/\/www.furanflex.sk\/wp-content\/uploads\/2024\/07\/Snimka-obrazovky-2024-07-03-o-19.55.20-1.png\" class=\"attachment-medium_large size-medium_large wp-image-2728\" alt=\"\" srcset=\"https:\/\/www.furanflex.sk\/wp-content\/uploads\/2024\/07\/Snimka-obrazovky-2024-07-03-o-19.55.20-1.png 170w, https:\/\/www.furanflex.sk\/wp-content\/uploads\/2024\/07\/Snimka-obrazovky-2024-07-03-o-19.55.20-1-98x300.png 98w\" sizes=\"(max-width: 170px) 100vw, 170px\" \/>\t\t\t\t\t\t\t\t<\/a>\n\t\t\t\t\t\t\t\t\t\t\t\t\t<\/div>\n\t\t\t\t<\/div>\n\t\t\t\t\t<\/div>\n\t\t<\/div>\n\t\t\t\t<div class=\"elementor-column elementor-col-20 elementor-inner-column elementor-element elementor-element-b35a01f\" data-id=\"b35a01f\" data-element_type=\"column\">\n\t\t\t<div class=\"elementor-widget-wrap elementor-element-populated\">\n\t\t\t\t\t\t<div class=\"elementor-element elementor-element-9d3c759 elementor-widget elementor-widget-image\" data-id=\"9d3c759\" data-element_type=\"widget\" data-widget_type=\"image.default\">\n\t\t\t\t<div class=\"elementor-widget-container\">\n\t\t\t\t\t\t\t\t\t\t\t\t\t\t<a href=\"https:\/\/www.furanflex.sk\/?page_id=2638\">\n\t\t\t\t\t\t\t<img decoding=\"async\" width=\"159\" height=\"521\" src=\"https:\/\/www.furanflex.sk\/wp-content\/uploads\/2024\/07\/Snimka-obrazovky-2024-07-03-o-19.58.22.png\" class=\"attachment-medium_large size-medium_large wp-image-2729\" alt=\"FURANFLEX\" srcset=\"https:\/\/www.furanflex.sk\/wp-content\/uploads\/2024\/07\/Snimka-obrazovky-2024-07-03-o-19.58.22.png 159w, https:\/\/www.furanflex.sk\/wp-content\/uploads\/2024\/07\/Snimka-obrazovky-2024-07-03-o-19.58.22-92x300.png 92w\" sizes=\"(max-width: 159px) 100vw, 159px\" \/>\t\t\t\t\t\t\t\t<\/a>\n\t\t\t\t\t\t\t\t\t\t\t\t\t<\/div>\n\t\t\t\t<\/div>\n\t\t\t\t\t<\/div>\n\t\t<\/div>\n\t\t\t\t<div class=\"elementor-column elementor-col-20 elementor-inner-column elementor-element elementor-element-ce25ff9\" data-id=\"ce25ff9\" data-element_type=\"column\">\n\t\t\t<div class=\"elementor-widget-wrap elementor-element-populated\">\n\t\t\t\t\t\t<div class=\"elementor-element elementor-element-07a7582 elementor-widget elementor-widget-image\" data-id=\"07a7582\" data-element_type=\"widget\" data-widget_type=\"image.default\">\n\t\t\t\t<div class=\"elementor-widget-container\">\n\t\t\t\t\t\t\t\t\t\t\t\t\t\t<a href=\"https:\/\/www.furanflex.sk\/?page_id=2666\">\n\t\t\t\t\t\t\t<img decoding=\"async\" width=\"158\" height=\"521\" src=\"https:\/\/www.furanflex.sk\/wp-content\/uploads\/2024\/07\/Snimka-obrazovky-2024-07-03-o-20.01.09.png\" class=\"attachment-medium_large size-medium_large wp-image-2730\" alt=\"RAINFLEX\" srcset=\"https:\/\/www.furanflex.sk\/wp-content\/uploads\/2024\/07\/Snimka-obrazovky-2024-07-03-o-20.01.09.png 158w, https:\/\/www.furanflex.sk\/wp-content\/uploads\/2024\/07\/Snimka-obrazovky-2024-07-03-o-20.01.09-91x300.png 91w\" sizes=\"(max-width: 158px) 100vw, 158px\" \/>\t\t\t\t\t\t\t\t<\/a>\n\t\t\t\t\t\t\t\t\t\t\t\t\t<\/div>\n\t\t\t\t<\/div>\n\t\t\t\t\t<\/div>\n\t\t<\/div>\n\t\t\t\t<div class=\"elementor-column elementor-col-20 elementor-inner-column elementor-element elementor-element-c68a04f\" data-id=\"c68a04f\" data-element_type=\"column\">\n\t\t\t<div class=\"elementor-widget-wrap elementor-element-populated\">\n\t\t\t\t\t\t<div class=\"elementor-element elementor-element-2240a17 elementor-widget elementor-widget-image\" data-id=\"2240a17\" data-element_type=\"widget\" data-widget_type=\"image.default\">\n\t\t\t\t<div class=\"elementor-widget-container\">\n\t\t\t\t\t\t\t\t\t\t\t\t\t\t<a href=\"https:\/\/www.furanflex.sk\/?page_id=2650\">\n\t\t\t\t\t\t\t<img loading=\"lazy\" decoding=\"async\" width=\"155\" height=\"521\" src=\"https:\/\/www.furanflex.sk\/wp-content\/uploads\/2024\/07\/Snimka-obrazovky-2024-07-03-o-20.02.43.png\" class=\"attachment-medium_large size-medium_large wp-image-2731\" alt=\"VENTILFLEX\" srcset=\"https:\/\/www.furanflex.sk\/wp-content\/uploads\/2024\/07\/Snimka-obrazovky-2024-07-03-o-20.02.43.png 155w, https:\/\/www.furanflex.sk\/wp-content\/uploads\/2024\/07\/Snimka-obrazovky-2024-07-03-o-20.02.43-89x300.png 89w\" sizes=\"(max-width: 155px) 100vw, 155px\" \/>\t\t\t\t\t\t\t\t<\/a>\n\t\t\t\t\t\t\t\t\t\t\t\t\t<\/div>\n\t\t\t\t<\/div>\n\t\t\t\t\t<\/div>\n\t\t<\/div>\n\t\t\t\t<div class=\"elementor-column elementor-col-20 elementor-inner-column elementor-element elementor-element-57952c9\" data-id=\"57952c9\" data-element_type=\"column\">\n\t\t\t<div class=\"elementor-widget-wrap elementor-element-populated\">\n\t\t\t\t\t\t<div class=\"elementor-element elementor-element-32cd60b elementor-widget elementor-widget-image\" data-id=\"32cd60b\" data-element_type=\"widget\" data-widget_type=\"image.default\">\n\t\t\t\t<div class=\"elementor-widget-container\">\n\t\t\t\t\t\t\t\t\t\t\t\t\t\t<a href=\"https:\/\/www.furanflex.sk\/?page_id=2650\">\n\t\t\t\t\t\t\t<img loading=\"lazy\" decoding=\"async\" width=\"155\" height=\"521\" src=\"https:\/\/www.furanflex.sk\/wp-content\/uploads\/2024\/07\/Snimka-obrazovky-2024-07-03-o-20.04.35.png\" class=\"attachment-medium_large size-medium_large wp-image-2732\" alt=\"VENTILFLEX RKV\" srcset=\"https:\/\/www.furanflex.sk\/wp-content\/uploads\/2024\/07\/Snimka-obrazovky-2024-07-03-o-20.04.35.png 155w, https:\/\/www.furanflex.sk\/wp-content\/uploads\/2024\/07\/Snimka-obrazovky-2024-07-03-o-20.04.35-89x300.png 89w\" sizes=\"(max-width: 155px) 100vw, 155px\" \/>\t\t\t\t\t\t\t\t<\/a>\n\t\t\t\t\t\t\t\t\t\t\t\t\t<\/div>\n\t\t\t\t<\/div>\n\t\t\t\t\t<\/div>\n\t\t<\/div>\n\t\t\t\t\t<\/div>\n\t\t<\/section>\n\t\t\t\t\t<\/div>\n\t\t<\/div>\n\t\t\t\t\t<\/div>\n\t\t<\/section>\n\t\t\t\t<\/div>\n\t\t","protected":false},"excerpt":{"rendered":"","protected":false},"author":1,"featured_media":0,"parent":0,"menu_order":0,"comment_status":"closed","ping_status":"closed","template":"page-templates\/template-pagebuilder-full-width.php","meta":{"neve_meta_sidebar":"","neve_meta_container":"","neve_meta_enable_content_width":"","neve_meta_content_width":0,"neve_meta_title_alignment":"","neve_meta_author_avatar":"","neve_post_elements_order":"","neve_meta_disable_header":"","neve_meta_disable_footer":"","neve_meta_disable_title":"","footnotes":""},"class_list":["post-2694","page","type-page","status-publish","hentry"],"yoast_head":"<!-- This site is optimized with the Yoast SEO plugin v19.4 - https:\/\/yoast.com\/wordpress\/plugins\/seo\/ -->\n<title>Typy vlo\u017eiek - materi\u00e1l - Furanflex<\/title>\n<meta name=\"robots\" content=\"index, follow, max-snippet:-1, max-image-preview:large, max-video-preview:-1\" \/>\n<link rel=\"canonical\" href=\"https:\/\/www.furanflex.sk\/?page_id=2694\" \/>\n<meta property=\"og:locale\" content=\"sk_SK\" \/>\n<meta property=\"og:type\" content=\"article\" \/>\n<meta property=\"og:title\" content=\"Typy vlo\u017eiek - materi\u00e1l - Furanflex\" \/>\n<meta property=\"og:url\" content=\"https:\/\/www.furanflex.sk\/?page_id=2694\" \/>\n<meta property=\"og:site_name\" content=\"Furanflex\" \/>\n<meta property=\"article:modified_time\" content=\"2024-11-08T13:26:16+00:00\" \/>\n<meta property=\"og:image\" content=\"https:\/\/www.furanflex.sk\/wp-content\/uploads\/2024\/07\/Snimka-obrazovky-2024-07-03-o-19.55.20-1.png\" \/>\n<meta name=\"twitter:card\" content=\"summary_large_image\" \/>\n<meta name=\"twitter:label1\" content=\"Predpokladan\u00fd \u010das \u010d\u00edtania\" \/>\n\t<meta name=\"twitter:data1\" content=\"1 min\u00fata\" \/>\n<script type=\"application\/ld+json\" class=\"yoast-schema-graph\">{\"@context\":\"https:\/\/schema.org\",\"@graph\":[{\"@type\":\"Organization\",\"@id\":\"https:\/\/www.furanflex.sk\/#organization\",\"name\":\"Furanflex\",\"url\":\"https:\/\/www.furanflex.sk\/\",\"sameAs\":[],\"logo\":{\"@type\":\"ImageObject\",\"inLanguage\":\"sk-SK\",\"@id\":\"https:\/\/www.furanflex.sk\/#\/schema\/logo\/image\/\",\"url\":\"https:\/\/www.furanflex.sk\/wp-content\/uploads\/2020\/12\/web-agency-logo-3.png\",\"contentUrl\":\"https:\/\/www.furanflex.sk\/wp-content\/uploads\/2020\/12\/web-agency-logo-3.png\",\"width\":200,\"height\":200,\"caption\":\"Furanflex\"},\"image\":{\"@id\":\"https:\/\/www.furanflex.sk\/#\/schema\/logo\/image\/\"}},{\"@type\":\"WebSite\",\"@id\":\"https:\/\/www.furanflex.sk\/#website\",\"url\":\"https:\/\/www.furanflex.sk\/\",\"name\":\"Furanflex\",\"description\":\"Furanflex kom\u00edny\",\"publisher\":{\"@id\":\"https:\/\/www.furanflex.sk\/#organization\"},\"potentialAction\":[{\"@type\":\"SearchAction\",\"target\":{\"@type\":\"EntryPoint\",\"urlTemplate\":\"https:\/\/www.furanflex.sk\/?s={search_term_string}\"},\"query-input\":\"required name=search_term_string\"}],\"inLanguage\":\"sk-SK\"},{\"@type\":\"WebPage\",\"@id\":\"https:\/\/www.furanflex.sk\/?page_id=2694\",\"url\":\"https:\/\/www.furanflex.sk\/?page_id=2694\",\"name\":\"Typy vlo\u017eiek - materi\u00e1l - Furanflex\",\"isPartOf\":{\"@id\":\"https:\/\/www.furanflex.sk\/#website\"},\"datePublished\":\"2024-04-09T18:24:47+00:00\",\"dateModified\":\"2024-11-08T13:26:16+00:00\",\"breadcrumb\":{\"@id\":\"https:\/\/www.furanflex.sk\/?page_id=2694#breadcrumb\"},\"inLanguage\":\"sk-SK\",\"potentialAction\":[{\"@type\":\"ReadAction\",\"target\":[\"https:\/\/www.furanflex.sk\/?page_id=2694\"]}]},{\"@type\":\"BreadcrumbList\",\"@id\":\"https:\/\/www.furanflex.sk\/?page_id=2694#breadcrumb\",\"itemListElement\":[{\"@type\":\"ListItem\",\"position\":1,\"name\":\"Home\",\"item\":\"https:\/\/www.furanflex.sk\/\"},{\"@type\":\"ListItem\",\"position\":2,\"name\":\"Typy vlo\u017eiek &#8211; materi\u00e1l\"}]}]}<\/script>\n<!-- \/ Yoast SEO plugin. -->","yoast_head_json":{"title":"Typy vlo\u017eiek - materi\u00e1l - Furanflex","robots":{"index":"index","follow":"follow","max-snippet":"max-snippet:-1","max-image-preview":"max-image-preview:large","max-video-preview":"max-video-preview:-1"},"canonical":"https:\/\/www.furanflex.sk\/?page_id=2694","og_locale":"sk_SK","og_type":"article","og_title":"Typy vlo\u017eiek - materi\u00e1l - Furanflex","og_url":"https:\/\/www.furanflex.sk\/?page_id=2694","og_site_name":"Furanflex","article_modified_time":"2024-11-08T13:26:16+00:00","og_image":[{"url":"https:\/\/www.furanflex.sk\/wp-content\/uploads\/2024\/07\/Snimka-obrazovky-2024-07-03-o-19.55.20-1.png"}],"twitter_card":"summary_large_image","twitter_misc":{"Predpokladan\u00fd \u010das \u010d\u00edtania":"1 min\u00fata"},"schema":{"@context":"https:\/\/schema.org","@graph":[{"@type":"Organization","@id":"https:\/\/www.furanflex.sk\/#organization","name":"Furanflex","url":"https:\/\/www.furanflex.sk\/","sameAs":[],"logo":{"@type":"ImageObject","inLanguage":"sk-SK","@id":"https:\/\/www.furanflex.sk\/#\/schema\/logo\/image\/","url":"https:\/\/www.furanflex.sk\/wp-content\/uploads\/2020\/12\/web-agency-logo-3.png","contentUrl":"https:\/\/www.furanflex.sk\/wp-content\/uploads\/2020\/12\/web-agency-logo-3.png","width":200,"height":200,"caption":"Furanflex"},"image":{"@id":"https:\/\/www.furanflex.sk\/#\/schema\/logo\/image\/"}},{"@type":"WebSite","@id":"https:\/\/www.furanflex.sk\/#website","url":"https:\/\/www.furanflex.sk\/","name":"Furanflex","description":"Furanflex kom\u00edny","publisher":{"@id":"https:\/\/www.furanflex.sk\/#organization"},"potentialAction":[{"@type":"SearchAction","target":{"@type":"EntryPoint","urlTemplate":"https:\/\/www.furanflex.sk\/?s={search_term_string}"},"query-input":"required name=search_term_string"}],"inLanguage":"sk-SK"},{"@type":"WebPage","@id":"https:\/\/www.furanflex.sk\/?page_id=2694","url":"https:\/\/www.furanflex.sk\/?page_id=2694","name":"Typy vlo\u017eiek - materi\u00e1l - Furanflex","isPartOf":{"@id":"https:\/\/www.furanflex.sk\/#website"},"datePublished":"2024-04-09T18:24:47+00:00","dateModified":"2024-11-08T13:26:16+00:00","breadcrumb":{"@id":"https:\/\/www.furanflex.sk\/?page_id=2694#breadcrumb"},"inLanguage":"sk-SK","potentialAction":[{"@type":"ReadAction","target":["https:\/\/www.furanflex.sk\/?page_id=2694"]}]},{"@type":"BreadcrumbList","@id":"https:\/\/www.furanflex.sk\/?page_id=2694#breadcrumb","itemListElement":[{"@type":"ListItem","position":1,"name":"Home","item":"https:\/\/www.furanflex.sk\/"},{"@type":"ListItem","position":2,"name":"Typy vlo\u017eiek &#8211; materi\u00e1l"}]}]}},"_links":{"self":[{"href":"https:\/\/www.furanflex.sk\/index.php?rest_route=\/wp\/v2\/pages\/2694"}],"collection":[{"href":"https:\/\/www.furanflex.sk\/index.php?rest_route=\/wp\/v2\/pages"}],"about":[{"href":"https:\/\/www.furanflex.sk\/index.php?rest_route=\/wp\/v2\/types\/page"}],"author":[{"embeddable":true,"href":"https:\/\/www.furanflex.sk\/index.php?rest_route=\/wp\/v2\/users\/1"}],"replies":[{"embeddable":true,"href":"https:\/\/www.furanflex.sk\/index.php?rest_route=%2Fwp%2Fv2%2Fcomments&post=2694"}],"version-history":[{"count":6,"href":"https:\/\/www.furanflex.sk\/index.php?rest_route=\/wp\/v2\/pages\/2694\/revisions"}],"predecessor-version":[{"id":2969,"href":"https:\/\/www.furanflex.sk\/index.php?rest_route=\/wp\/v2\/pages\/2694\/revisions\/2969"}],"wp:attachment":[{"href":"https:\/\/www.furanflex.sk\/index.php?rest_route=%2Fwp%2Fv2%2Fmedia&parent=2694"}],"curies":[{"name":"wp","href":"https:\/\/api.w.org\/{rel}","templated":true}]}}