{"id":2666,"date":"2022-08-16T18:00:49","date_gmt":"2022-08-16T18:00:49","guid":{"rendered":"https:\/\/www.furanflex.sk\/?page_id=2666"},"modified":"2025-02-09T11:30:57","modified_gmt":"2025-02-09T11:30:57","slug":"dazdove-zvody","status":"publish","type":"page","link":"https:\/\/www.furanflex.sk\/?page_id=2666","title":{"rendered":"Da\u017e\u010fov\u00e9 zvody"},"content":{"rendered":"\t\t<div data-elementor-type=\"wp-page\" data-elementor-id=\"2666\" class=\"elementor elementor-2666\">\n\t\t\t\t\t\t<section class=\"elementor-section elementor-top-section elementor-element elementor-element-c54b2e2 elementor-section-boxed elementor-section-height-default elementor-section-height-default\" data-id=\"c54b2e2\" data-element_type=\"section\">\n\t\t\t\t\t\t<div class=\"elementor-container elementor-column-gap-default\">\n\t\t\t\t\t<div class=\"elementor-column elementor-col-100 elementor-top-column elementor-element elementor-element-407af91\" data-id=\"407af91\" data-element_type=\"column\">\n\t\t\t<div class=\"elementor-widget-wrap elementor-element-populated\">\n\t\t\t\t\t\t<section class=\"elementor-section elementor-inner-section elementor-element elementor-element-66331bc elementor-section-boxed elementor-section-height-default elementor-section-height-default\" data-id=\"66331bc\" data-element_type=\"section\">\n\t\t\t\t\t\t<div class=\"elementor-container elementor-column-gap-default\">\n\t\t\t\t\t<div class=\"elementor-column elementor-col-100 elementor-inner-column elementor-element elementor-element-59ef928\" data-id=\"59ef928\" data-element_type=\"column\">\n\t\t\t<div class=\"elementor-widget-wrap elementor-element-populated\">\n\t\t\t\t\t\t<div class=\"elementor-element elementor-element-9d5d4ee elementor-widget elementor-widget-heading\" data-id=\"9d5d4ee\" data-element_type=\"widget\" data-widget_type=\"heading.default\">\n\t\t\t\t<div class=\"elementor-widget-container\">\n\t\t\t<h3 class=\"elementor-heading-title elementor-size-default\">DA\u017d\u010eOV\u00c9 ZVODY<\/h3>\t\t<\/div>\n\t\t\t\t<\/div>\n\t\t\t\t\t<\/div>\n\t\t<\/div>\n\t\t\t\t\t<\/div>\n\t\t<\/section>\n\t\t\t\t<div class=\"elementor-element elementor-element-0256f39 elementor-widget elementor-widget-text-editor\" data-id=\"0256f39\" data-element_type=\"widget\" data-widget_type=\"text-editor.default\">\n\t\t\t\t<div class=\"elementor-widget-container\">\n\t\t\t\t\t\t\t<p>Pre zvisl\u00e9 da\u017e\u010fov\u00e9 zvody s vynikaj\u00facou odolnos\u0165ou proti vode a flexibilitou priemeru.<\/p><p>Zvisl\u00e9 da\u017e\u010fov\u00e9 zvody s\u00fa pre vlo\u017eky FURAN<b>FLEX<\/b>\u00ae mali\u010dkos\u0165ou &#8211; n\u00e1jomcovia ani nespoznaj\u00fa, \u017ee sa nie\u010do deje. Budeme na streche a potom v pivnici pri napojen\u00ed na da\u017e\u010fov\u00fd kan\u00e1l. Zvod je opraven\u00fd behom jedn\u00e9ho d\u0148a!<\/p>\t\t\t\t\t\t<\/div>\n\t\t\t\t<\/div>\n\t\t\t\t<section class=\"elementor-section elementor-inner-section elementor-element elementor-element-9738951 elementor-section-boxed elementor-section-height-default elementor-section-height-default\" data-id=\"9738951\" data-element_type=\"section\">\n\t\t\t\t\t\t<div class=\"elementor-container elementor-column-gap-default\">\n\t\t\t\t\t<div class=\"elementor-column elementor-col-50 elementor-inner-column elementor-element elementor-element-9342f0c\" data-id=\"9342f0c\" data-element_type=\"column\">\n\t\t\t<div class=\"elementor-widget-wrap elementor-element-populated\">\n\t\t\t\t\t\t<div class=\"elementor-element elementor-element-a058dfb elementor-widget elementor-widget-text-editor\" data-id=\"a058dfb\" data-element_type=\"widget\" data-widget_type=\"text-editor.default\">\n\t\t\t\t<div class=\"elementor-widget-container\">\n\t\t\t\t\t\t\t<p>Technol\u00f3gia FURAN<b>FLEX<\/b>\u00ae pri oprave da\u017e\u010fov\u00e9ho zvodu vyu\u017e\u00edva kompozitn\u00fa vlo\u017eku vyr\u00e1banou na mieru, zasunut\u00fa do star\u00e9ho da\u017e\u010fov\u00e9ho zvodu, bez nutnosti jeho b\u00farania. <strong>Vlo\u017eka <\/strong>FURAN<strong>FLEX\u00ae Rain je ide\u00e1lnym rie\u0161en\u00edm opr\u00e1v vn\u00fatorn\u00fdch vertik\u00e1lnych da\u017e\u010fov\u00fdch zvodov.<\/strong><\/p><p>V budov\u00e1ch s plochou strechou sa pou\u017e\u00edvaj\u00fa pre odvod da\u017e\u010fovej vody vertik\u00e1lne zvodn\u00e9 trubky, ktor\u00e9 s\u00fa pod\u013ea typu v\u00fdstavby vyroben\u00e9 zo zliatiny, bet\u00f3nu, azbestov\u00e9ho cementu, popr\u00edpade z novoduru alebo plastu. V\u0161etky zvody sa postupom \u010dasu naru\u0161ia alebo d\u00f4jde k ich po\u0161kodeniu p\u00f4soben\u00edm kor\u00f3zie, st\u00e1rnut\u00edm materi\u00e1lu \u010di pohybu budov.<\/p><p>Vo v\u00e4\u010d\u0161ine pr\u00edpadov opr\u00e1v alebo rekon\u0161trukci\u00ed je nutn\u00e9 zaisti\u0165 pr\u00edstup do bytu, vykona\u0165 demont\u00e1\u017e a sp\u00e4tn\u00fa mont\u00e1\u017e, vyb\u00faranie susediacich stien at\u010f.<\/p>\t\t\t\t\t\t<\/div>\n\t\t\t\t<\/div>\n\t\t\t\t\t<\/div>\n\t\t<\/div>\n\t\t\t\t<div class=\"elementor-column elementor-col-50 elementor-inner-column elementor-element elementor-element-db77e9b\" data-id=\"db77e9b\" data-element_type=\"column\">\n\t\t\t<div class=\"elementor-widget-wrap elementor-element-populated\">\n\t\t\t\t\t\t<div class=\"elementor-element elementor-element-312d7c0 elementor-widget elementor-widget-image\" data-id=\"312d7c0\" data-element_type=\"widget\" data-widget_type=\"image.default\">\n\t\t\t\t<div class=\"elementor-widget-container\">\n\t\t\t\t\t\t\t\t\t\t\t\t\t<img fetchpriority=\"high\" decoding=\"async\" width=\"1024\" height=\"768\" src=\"https:\/\/www.furanflex.sk\/wp-content\/uploads\/2022\/08\/Ekotop-5-5-1024x768.jpg\" class=\"attachment-large size-large wp-image-2668\" alt=\"\" srcset=\"https:\/\/www.furanflex.sk\/wp-content\/uploads\/2022\/08\/Ekotop-5-5-1024x768.jpg 1024w, https:\/\/www.furanflex.sk\/wp-content\/uploads\/2022\/08\/Ekotop-5-5-300x225.jpg 300w, https:\/\/www.furanflex.sk\/wp-content\/uploads\/2022\/08\/Ekotop-5-5-768x576.jpg 768w, https:\/\/www.furanflex.sk\/wp-content\/uploads\/2022\/08\/Ekotop-5-5-1536x1152.jpg 1536w, https:\/\/www.furanflex.sk\/wp-content\/uploads\/2022\/08\/Ekotop-5-5.jpg 1920w\" sizes=\"(max-width: 1024px) 100vw, 1024px\" \/>\t\t\t\t\t\t\t\t\t\t\t\t\t<\/div>\n\t\t\t\t<\/div>\n\t\t\t\t\t<\/div>\n\t\t<\/div>\n\t\t\t\t\t<\/div>\n\t\t<\/section>\n\t\t\t\t\t<\/div>\n\t\t<\/div>\n\t\t\t\t\t<\/div>\n\t\t<\/section>\n\t\t\t\t<section class=\"elementor-section elementor-top-section elementor-element elementor-element-72573e5 elementor-section-boxed elementor-section-height-default elementor-section-height-default\" data-id=\"72573e5\" data-element_type=\"section\" data-settings=\"{&quot;background_background&quot;:&quot;classic&quot;}\">\n\t\t\t\t\t\t<div class=\"elementor-container elementor-column-gap-default\">\n\t\t\t\t\t<div class=\"elementor-column elementor-col-100 elementor-top-column elementor-element elementor-element-94d79e7\" data-id=\"94d79e7\" data-element_type=\"column\">\n\t\t\t<div class=\"elementor-widget-wrap elementor-element-populated\">\n\t\t\t\t\t\t<section class=\"elementor-section elementor-inner-section elementor-element elementor-element-1c33f27 elementor-section-boxed elementor-section-height-default elementor-section-height-default\" data-id=\"1c33f27\" data-element_type=\"section\">\n\t\t\t\t\t\t<div class=\"elementor-container elementor-column-gap-default\">\n\t\t\t\t\t<div class=\"elementor-column elementor-col-100 elementor-inner-column elementor-element elementor-element-669d152\" data-id=\"669d152\" data-element_type=\"column\">\n\t\t\t<div class=\"elementor-widget-wrap elementor-element-populated\">\n\t\t\t\t\t\t<div class=\"elementor-element elementor-element-8755638 elementor-widget elementor-widget-text-editor\" data-id=\"8755638\" data-element_type=\"widget\" data-widget_type=\"text-editor.default\">\n\t\t\t\t<div class=\"elementor-widget-container\">\n\t\t\t\t\t\t\t<p>Pri vyu\u017eit\u00ed technol\u00f3gie FURAN<b>FLEX<\/b>\u00ae Rain je nutn\u00fd pr\u00edstup na strechu a k miestu napojenia da\u017e\u010fov\u00e9ho zvodu na vodovodn\u00fa kanaliz\u00e1ciu. Zvy\u010dajne nie je nutn\u00e9 vstupova\u0165 do bytu, preto\u017ee nedoch\u00e1dza k \u017eiadnemu rozoberaniu alebo b\u00faraniu stien v bytoch.<\/p><p>Materi\u00e1l FURAN<b>FLEX<\/b>\u00ae Rain nie je mo\u017en\u00e9 pou\u017ei\u0165 ako horizont\u00e1lne potrubie, preto\u017ee m\u00e1 obmedzen\u00fa odolnos\u0165 vo\u010di oderu. Da\u017e\u010fov\u00e1 voda stekaj\u00faca zo strechy vlo\u017ekou dolu, m\u00f4\u017ee obsahova\u0165 piesok alebo \u0161trk, ktor\u00fd odiera steny vlo\u017eky. M\u00e1 taktie\u017e abraz\u00edvny \u00fa\u010dinok v ohyboch a horizont\u00e1lnych sekci\u00e1ch potrubia. Pri vlo\u017ekovan\u00ed da\u017e\u010fov\u00e9ho zvodu sa zvy\u010dajne vykon\u00e1va aj v\u00fdmena spodnej \u010dasti potrubia a \u010distiaceho kusu, ktor\u00e9 zvy\u010dajne b\u00fdvaj\u00fa zo zliatiny.<\/p><p>Pre spr\u00e1vnu funk\u010dnos\u0165 da\u017e\u010fov\u00fdch zvodov je d\u00f4le\u017eitou podmienkou dokonal\u00e9 prevedenie vstupnej \u010dasti do da\u017e\u010fov\u00e9ho zvodu na streche, tzv. guly. Vstup do potrubia mus\u00ed by\u0165 dokonale utesnen\u00fd, aby sa voda nedost\u00e1vala pod povrch stre\u0161nej krytiny a jej pr\u00edpadn\u00e9mu zatekaniu.<\/p>\t\t\t\t\t\t<\/div>\n\t\t\t\t<\/div>\n\t\t\t\t\t<\/div>\n\t\t<\/div>\n\t\t\t\t\t<\/div>\n\t\t<\/section>\n\t\t\t\t\t<\/div>\n\t\t<\/div>\n\t\t\t\t\t<\/div>\n\t\t<\/section>\n\t\t\t\t<section class=\"elementor-section elementor-top-section elementor-element elementor-element-986af4a elementor-section-boxed elementor-section-height-default elementor-section-height-default\" data-id=\"986af4a\" data-element_type=\"section\">\n\t\t\t\t\t\t<div class=\"elementor-container elementor-column-gap-default\">\n\t\t\t\t\t<div class=\"elementor-column elementor-col-100 elementor-top-column elementor-element elementor-element-779d10d\" data-id=\"779d10d\" data-element_type=\"column\">\n\t\t\t<div class=\"elementor-widget-wrap elementor-element-populated\">\n\t\t\t\t\t\t<section class=\"elementor-section elementor-inner-section elementor-element elementor-element-1b6b69a elementor-section-boxed elementor-section-height-default elementor-section-height-default\" data-id=\"1b6b69a\" data-element_type=\"section\">\n\t\t\t\t\t\t<div class=\"elementor-container elementor-column-gap-default\">\n\t\t\t\t\t<div class=\"elementor-column elementor-col-50 elementor-inner-column elementor-element elementor-element-ba366ef\" data-id=\"ba366ef\" data-element_type=\"column\">\n\t\t\t<div class=\"elementor-widget-wrap elementor-element-populated\">\n\t\t\t\t\t\t<div class=\"elementor-element elementor-element-b11e83b elementor-widget elementor-widget-image\" data-id=\"b11e83b\" data-element_type=\"widget\" data-widget_type=\"image.default\">\n\t\t\t\t<div class=\"elementor-widget-container\">\n\t\t\t\t\t\t\t\t\t\t\t\t\t<img decoding=\"async\" width=\"573\" height=\"732\" src=\"https:\/\/www.furanflex.sk\/wp-content\/uploads\/2022\/08\/rainflex.png\" class=\"attachment-large size-large wp-image-2670\" alt=\"\" srcset=\"https:\/\/www.furanflex.sk\/wp-content\/uploads\/2022\/08\/rainflex.png 573w, https:\/\/www.furanflex.sk\/wp-content\/uploads\/2022\/08\/rainflex-235x300.png 235w\" sizes=\"(max-width: 573px) 100vw, 573px\" \/>\t\t\t\t\t\t\t\t\t\t\t\t\t<\/div>\n\t\t\t\t<\/div>\n\t\t\t\t\t<\/div>\n\t\t<\/div>\n\t\t\t\t<div class=\"elementor-column elementor-col-50 elementor-inner-column elementor-element elementor-element-776994c\" data-id=\"776994c\" data-element_type=\"column\">\n\t\t\t<div class=\"elementor-widget-wrap elementor-element-populated\">\n\t\t\t\t\t\t<div class=\"elementor-element elementor-element-a111357 elementor-widget elementor-widget-text-editor\" data-id=\"a111357\" data-element_type=\"widget\" data-widget_type=\"text-editor.default\">\n\t\t\t\t<div class=\"elementor-widget-container\">\n\t\t\t\t\t\t\t<p><strong>Certifik\u00e1cia <\/strong>RAIN<strong>FLEX\u00ae<\/strong><\/p>\n<p>Opravy a rekon\u0161trukcie da\u017e\u010fov\u00fdch zvodov vlo\u017ekovan\u00edm nepodlieha certifik\u00e1ci\u00ed.<\/p>\n<p>Prehl\u00e1senie o vlastnostiach produktu vydan\u00e9 v\u00fdrobcom garantuje kvalitu v\u00fdrobku.<\/p>\t\t\t\t\t\t<\/div>\n\t\t\t\t<\/div>\n\t\t\t\t\t<\/div>\n\t\t<\/div>\n\t\t\t\t\t<\/div>\n\t\t<\/section>\n\t\t\t\t\t<\/div>\n\t\t<\/div>\n\t\t\t\t\t<\/div>\n\t\t<\/section>\n\t\t\t\t<\/div>\n\t\t","protected":false},"excerpt":{"rendered":"<p>DA\u017d\u010eOV\u00c9 ZVODY Pre zvisl\u00e9 da\u017e\u010fov\u00e9 zvody s vynikaj\u00facou odolnos\u0165ou proti vode a flexibilitou priemeru. Zvisl\u00e9 da\u017e\u010fov\u00e9 zvody s\u00fa pre vlo\u017eky FURANFLEX\u00ae mali\u010dkos\u0165ou &#8211; n\u00e1jomcovia ani nespoznaj\u00fa, \u017ee sa nie\u010do deje. Budeme na streche a potom v pivnici pri napojen\u00ed na da\u017e\u010fov\u00fd kan\u00e1l. Zvod je opraven\u00fd behom jedn\u00e9ho d\u0148a! Technol\u00f3gia FURANFLEX\u00ae pri oprave da\u017e\u010fov\u00e9ho zvodu vyu\u017e\u00edva&hellip;&nbsp;<a href=\"https:\/\/www.furanflex.sk\/?page_id=2666\" class=\"\" rel=\"bookmark\">\u010c\u00edta\u0165 viac &raquo;<span class=\"screen-reader-text\">Da\u017e\u010fov\u00e9 zvody<\/span><\/a><\/p>\n","protected":false},"author":1,"featured_media":0,"parent":0,"menu_order":0,"comment_status":"closed","ping_status":"closed","template":"page-templates\/template-pagebuilder-full-width.php","meta":{"neve_meta_sidebar":"","neve_meta_container":"","neve_meta_enable_content_width":"","neve_meta_content_width":0,"neve_meta_title_alignment":"","neve_meta_author_avatar":"","neve_post_elements_order":"","neve_meta_disable_header":"","neve_meta_disable_footer":"","neve_meta_disable_title":"","footnotes":""},"class_list":["post-2666","page","type-page","status-publish","hentry"],"yoast_head":"<!-- This site is optimized with the Yoast SEO plugin v19.4 - https:\/\/yoast.com\/wordpress\/plugins\/seo\/ -->\n<title>Da\u017e\u010fov\u00e9 zvody - Furanflex<\/title>\n<meta name=\"robots\" content=\"index, follow, max-snippet:-1, max-image-preview:large, max-video-preview:-1\" \/>\n<link rel=\"canonical\" href=\"https:\/\/www.furanflex.sk\/?page_id=2666\" \/>\n<meta property=\"og:locale\" content=\"sk_SK\" \/>\n<meta property=\"og:type\" content=\"article\" \/>\n<meta property=\"og:title\" content=\"Da\u017e\u010fov\u00e9 zvody - Furanflex\" \/>\n<meta property=\"og:description\" content=\"DA\u017d\u010eOV\u00c9 ZVODY Pre zvisl\u00e9 da\u017e\u010fov\u00e9 zvody s vynikaj\u00facou odolnos\u0165ou proti vode a flexibilitou priemeru. Zvisl\u00e9 da\u017e\u010fov\u00e9 zvody s\u00fa pre vlo\u017eky FURANFLEX\u00ae mali\u010dkos\u0165ou &#8211; n\u00e1jomcovia ani nespoznaj\u00fa, \u017ee sa nie\u010do deje. Budeme na streche a potom v pivnici pri napojen\u00ed na da\u017e\u010fov\u00fd kan\u00e1l. Zvod je opraven\u00fd behom jedn\u00e9ho d\u0148a! Technol\u00f3gia FURANFLEX\u00ae pri oprave da\u017e\u010fov\u00e9ho zvodu vyu\u017e\u00edva&hellip;&nbsp;\u010c\u00edta\u0165 viac &raquo;Da\u017e\u010fov\u00e9 zvody\" \/>\n<meta property=\"og:url\" content=\"https:\/\/www.furanflex.sk\/?page_id=2666\" \/>\n<meta property=\"og:site_name\" content=\"Furanflex\" \/>\n<meta property=\"article:modified_time\" content=\"2025-02-09T11:30:57+00:00\" \/>\n<meta property=\"og:image\" content=\"https:\/\/www.furanflex.sk\/wp-content\/uploads\/2022\/08\/Ekotop-5-5-1024x768.jpg\" \/>\n<meta name=\"twitter:card\" content=\"summary_large_image\" \/>\n<meta name=\"twitter:label1\" content=\"Predpokladan\u00fd \u010das \u010d\u00edtania\" \/>\n\t<meta name=\"twitter:data1\" content=\"3 min\u00faty\" \/>\n<script type=\"application\/ld+json\" class=\"yoast-schema-graph\">{\"@context\":\"https:\/\/schema.org\",\"@graph\":[{\"@type\":\"Organization\",\"@id\":\"https:\/\/www.furanflex.sk\/#organization\",\"name\":\"Furanflex\",\"url\":\"https:\/\/www.furanflex.sk\/\",\"sameAs\":[],\"logo\":{\"@type\":\"ImageObject\",\"inLanguage\":\"sk-SK\",\"@id\":\"https:\/\/www.furanflex.sk\/#\/schema\/logo\/image\/\",\"url\":\"https:\/\/www.furanflex.sk\/wp-content\/uploads\/2020\/12\/web-agency-logo-3.png\",\"contentUrl\":\"https:\/\/www.furanflex.sk\/wp-content\/uploads\/2020\/12\/web-agency-logo-3.png\",\"width\":200,\"height\":200,\"caption\":\"Furanflex\"},\"image\":{\"@id\":\"https:\/\/www.furanflex.sk\/#\/schema\/logo\/image\/\"}},{\"@type\":\"WebSite\",\"@id\":\"https:\/\/www.furanflex.sk\/#website\",\"url\":\"https:\/\/www.furanflex.sk\/\",\"name\":\"Furanflex\",\"description\":\"Furanflex kom\u00edny\",\"publisher\":{\"@id\":\"https:\/\/www.furanflex.sk\/#organization\"},\"potentialAction\":[{\"@type\":\"SearchAction\",\"target\":{\"@type\":\"EntryPoint\",\"urlTemplate\":\"https:\/\/www.furanflex.sk\/?s={search_term_string}\"},\"query-input\":\"required name=search_term_string\"}],\"inLanguage\":\"sk-SK\"},{\"@type\":\"WebPage\",\"@id\":\"https:\/\/www.furanflex.sk\/?page_id=2666\",\"url\":\"https:\/\/www.furanflex.sk\/?page_id=2666\",\"name\":\"Da\u017e\u010fov\u00e9 zvody - Furanflex\",\"isPartOf\":{\"@id\":\"https:\/\/www.furanflex.sk\/#website\"},\"datePublished\":\"2022-08-16T18:00:49+00:00\",\"dateModified\":\"2025-02-09T11:30:57+00:00\",\"breadcrumb\":{\"@id\":\"https:\/\/www.furanflex.sk\/?page_id=2666#breadcrumb\"},\"inLanguage\":\"sk-SK\",\"potentialAction\":[{\"@type\":\"ReadAction\",\"target\":[\"https:\/\/www.furanflex.sk\/?page_id=2666\"]}]},{\"@type\":\"BreadcrumbList\",\"@id\":\"https:\/\/www.furanflex.sk\/?page_id=2666#breadcrumb\",\"itemListElement\":[{\"@type\":\"ListItem\",\"position\":1,\"name\":\"Home\",\"item\":\"https:\/\/www.furanflex.sk\/\"},{\"@type\":\"ListItem\",\"position\":2,\"name\":\"Da\u017e\u010fov\u00e9 zvody\"}]}]}<\/script>\n<!-- \/ Yoast SEO plugin. -->","yoast_head_json":{"title":"Da\u017e\u010fov\u00e9 zvody - Furanflex","robots":{"index":"index","follow":"follow","max-snippet":"max-snippet:-1","max-image-preview":"max-image-preview:large","max-video-preview":"max-video-preview:-1"},"canonical":"https:\/\/www.furanflex.sk\/?page_id=2666","og_locale":"sk_SK","og_type":"article","og_title":"Da\u017e\u010fov\u00e9 zvody - Furanflex","og_description":"DA\u017d\u010eOV\u00c9 ZVODY Pre zvisl\u00e9 da\u017e\u010fov\u00e9 zvody s vynikaj\u00facou odolnos\u0165ou proti vode a flexibilitou priemeru. Zvisl\u00e9 da\u017e\u010fov\u00e9 zvody s\u00fa pre vlo\u017eky FURANFLEX\u00ae mali\u010dkos\u0165ou &#8211; n\u00e1jomcovia ani nespoznaj\u00fa, \u017ee sa nie\u010do deje. Budeme na streche a potom v pivnici pri napojen\u00ed na da\u017e\u010fov\u00fd kan\u00e1l. Zvod je opraven\u00fd behom jedn\u00e9ho d\u0148a! Technol\u00f3gia FURANFLEX\u00ae pri oprave da\u017e\u010fov\u00e9ho zvodu vyu\u017e\u00edva&hellip;&nbsp;\u010c\u00edta\u0165 viac &raquo;Da\u017e\u010fov\u00e9 zvody","og_url":"https:\/\/www.furanflex.sk\/?page_id=2666","og_site_name":"Furanflex","article_modified_time":"2025-02-09T11:30:57+00:00","og_image":[{"url":"https:\/\/www.furanflex.sk\/wp-content\/uploads\/2022\/08\/Ekotop-5-5-1024x768.jpg"}],"twitter_card":"summary_large_image","twitter_misc":{"Predpokladan\u00fd \u010das \u010d\u00edtania":"3 min\u00faty"},"schema":{"@context":"https:\/\/schema.org","@graph":[{"@type":"Organization","@id":"https:\/\/www.furanflex.sk\/#organization","name":"Furanflex","url":"https:\/\/www.furanflex.sk\/","sameAs":[],"logo":{"@type":"ImageObject","inLanguage":"sk-SK","@id":"https:\/\/www.furanflex.sk\/#\/schema\/logo\/image\/","url":"https:\/\/www.furanflex.sk\/wp-content\/uploads\/2020\/12\/web-agency-logo-3.png","contentUrl":"https:\/\/www.furanflex.sk\/wp-content\/uploads\/2020\/12\/web-agency-logo-3.png","width":200,"height":200,"caption":"Furanflex"},"image":{"@id":"https:\/\/www.furanflex.sk\/#\/schema\/logo\/image\/"}},{"@type":"WebSite","@id":"https:\/\/www.furanflex.sk\/#website","url":"https:\/\/www.furanflex.sk\/","name":"Furanflex","description":"Furanflex kom\u00edny","publisher":{"@id":"https:\/\/www.furanflex.sk\/#organization"},"potentialAction":[{"@type":"SearchAction","target":{"@type":"EntryPoint","urlTemplate":"https:\/\/www.furanflex.sk\/?s={search_term_string}"},"query-input":"required name=search_term_string"}],"inLanguage":"sk-SK"},{"@type":"WebPage","@id":"https:\/\/www.furanflex.sk\/?page_id=2666","url":"https:\/\/www.furanflex.sk\/?page_id=2666","name":"Da\u017e\u010fov\u00e9 zvody - Furanflex","isPartOf":{"@id":"https:\/\/www.furanflex.sk\/#website"},"datePublished":"2022-08-16T18:00:49+00:00","dateModified":"2025-02-09T11:30:57+00:00","breadcrumb":{"@id":"https:\/\/www.furanflex.sk\/?page_id=2666#breadcrumb"},"inLanguage":"sk-SK","potentialAction":[{"@type":"ReadAction","target":["https:\/\/www.furanflex.sk\/?page_id=2666"]}]},{"@type":"BreadcrumbList","@id":"https:\/\/www.furanflex.sk\/?page_id=2666#breadcrumb","itemListElement":[{"@type":"ListItem","position":1,"name":"Home","item":"https:\/\/www.furanflex.sk\/"},{"@type":"ListItem","position":2,"name":"Da\u017e\u010fov\u00e9 zvody"}]}]}},"_links":{"self":[{"href":"https:\/\/www.furanflex.sk\/index.php?rest_route=\/wp\/v2\/pages\/2666"}],"collection":[{"href":"https:\/\/www.furanflex.sk\/index.php?rest_route=\/wp\/v2\/pages"}],"about":[{"href":"https:\/\/www.furanflex.sk\/index.php?rest_route=\/wp\/v2\/types\/page"}],"author":[{"embeddable":true,"href":"https:\/\/www.furanflex.sk\/index.php?rest_route=\/wp\/v2\/users\/1"}],"replies":[{"embeddable":true,"href":"https:\/\/www.furanflex.sk\/index.php?rest_route=%2Fwp%2Fv2%2Fcomments&post=2666"}],"version-history":[{"count":6,"href":"https:\/\/www.furanflex.sk\/index.php?rest_route=\/wp\/v2\/pages\/2666\/revisions"}],"predecessor-version":[{"id":3097,"href":"https:\/\/www.furanflex.sk\/index.php?rest_route=\/wp\/v2\/pages\/2666\/revisions\/3097"}],"wp:attachment":[{"href":"https:\/\/www.furanflex.sk\/index.php?rest_route=%2Fwp%2Fv2%2Fmedia&parent=2666"}],"curies":[{"name":"wp","href":"https:\/\/api.w.org\/{rel}","templated":true}]}}