{"id":2638,"date":"2022-08-16T17:11:08","date_gmt":"2022-08-16T17:11:08","guid":{"rendered":"https:\/\/www.furanflex.sk\/?page_id=2638"},"modified":"2025-02-09T13:44:04","modified_gmt":"2025-02-09T13:44:04","slug":"vykurovanie-drevom","status":"publish","type":"page","link":"https:\/\/www.furanflex.sk\/?page_id=2638","title":{"rendered":"Vykurovanie drevom"},"content":{"rendered":"\t\t<div data-elementor-type=\"wp-page\" data-elementor-id=\"2638\" class=\"elementor elementor-2638\">\n\t\t\t\t\t\t<section class=\"elementor-section elementor-top-section elementor-element elementor-element-8c3c69c elementor-section-boxed elementor-section-height-default elementor-section-height-default\" data-id=\"8c3c69c\" data-element_type=\"section\">\n\t\t\t\t\t\t<div class=\"elementor-container elementor-column-gap-default\">\n\t\t\t\t\t<div class=\"elementor-column elementor-col-100 elementor-top-column elementor-element elementor-element-6cbc1de\" data-id=\"6cbc1de\" data-element_type=\"column\">\n\t\t\t<div class=\"elementor-widget-wrap elementor-element-populated\">\n\t\t\t\t\t\t<div class=\"elementor-element elementor-element-520ae15 elementor-widget elementor-widget-spacer\" data-id=\"520ae15\" data-element_type=\"widget\" data-widget_type=\"spacer.default\">\n\t\t\t\t<div class=\"elementor-widget-container\">\n\t\t\t\t\t<div class=\"elementor-spacer\">\n\t\t\t<div class=\"elementor-spacer-inner\"><\/div>\n\t\t<\/div>\n\t\t\t\t<\/div>\n\t\t\t\t<\/div>\n\t\t\t\t<section class=\"elementor-section elementor-inner-section elementor-element elementor-element-6f7e0b1 elementor-section-boxed elementor-section-height-default elementor-section-height-default\" data-id=\"6f7e0b1\" data-element_type=\"section\">\n\t\t\t\t\t\t<div class=\"elementor-container elementor-column-gap-default\">\n\t\t\t\t\t<div class=\"elementor-column elementor-col-100 elementor-inner-column elementor-element elementor-element-4f6b829\" data-id=\"4f6b829\" data-element_type=\"column\">\n\t\t\t<div class=\"elementor-widget-wrap elementor-element-populated\">\n\t\t\t\t\t\t<div class=\"elementor-element elementor-element-0dea6f8 elementor-widget elementor-widget-heading\" data-id=\"0dea6f8\" data-element_type=\"widget\" data-widget_type=\"heading.default\">\n\t\t\t\t<div class=\"elementor-widget-container\">\n\t\t\t<h3 class=\"elementor-heading-title elementor-size-default\">VYKUROVANIE DREVOM<\/h3>\t\t<\/div>\n\t\t\t\t<\/div>\n\t\t\t\t<div class=\"elementor-element elementor-element-4fbdccf elementor-widget elementor-widget-text-editor\" data-id=\"4fbdccf\" data-element_type=\"widget\" data-widget_type=\"text-editor.default\">\n\t\t\t\t<div class=\"elementor-widget-container\">\n\t\t\t\t\t\t\t<p>Kompozitn\u00e1 kom\u00ednov\u00e1 vlo\u017eka s vynikaj\u00facou tepelnou odolnos\u0165ou a odolnos\u0165ou proti plame\u0148om.<\/p><p><strong>Vlo\u017eky <\/strong>FURAN<strong>FLEX\u00ae je mo\u017en\u00e9 pou\u017e\u00edva\u0165 na kom\u00edny pre tuh\u00e9 paliv\u00e1 ako je drevo, dreven\u00e9 brikety, peletky atp. s max. teplotou spal\u00edn do 450 \u00b0C.\u00a0<\/strong>Skop\u00edruj\u00fa ak\u00fdko\u013evek tvar kom\u00ednov, ich zalomenie, \u00fahyby aj zmeny prierezu.<\/p>\t\t\t\t\t\t<\/div>\n\t\t\t\t<\/div>\n\t\t\t\t\t<\/div>\n\t\t<\/div>\n\t\t\t\t\t<\/div>\n\t\t<\/section>\n\t\t\t\t\t<\/div>\n\t\t<\/div>\n\t\t\t\t\t<\/div>\n\t\t<\/section>\n\t\t\t\t<section class=\"elementor-section elementor-top-section elementor-element elementor-element-1953ae6 elementor-section-boxed elementor-section-height-default elementor-section-height-default\" data-id=\"1953ae6\" data-element_type=\"section\" data-settings=\"{&quot;background_background&quot;:&quot;classic&quot;}\">\n\t\t\t\t\t\t<div class=\"elementor-container elementor-column-gap-default\">\n\t\t\t\t\t<div class=\"elementor-column elementor-col-100 elementor-top-column elementor-element elementor-element-88bcaca\" data-id=\"88bcaca\" data-element_type=\"column\">\n\t\t\t<div class=\"elementor-widget-wrap elementor-element-populated\">\n\t\t\t\t\t\t<section class=\"elementor-section elementor-inner-section elementor-element elementor-element-3cc1964 elementor-section-boxed elementor-section-height-default elementor-section-height-default\" data-id=\"3cc1964\" data-element_type=\"section\" data-settings=\"{&quot;background_background&quot;:&quot;classic&quot;}\">\n\t\t\t\t\t\t<div class=\"elementor-container elementor-column-gap-default\">\n\t\t\t\t\t<div class=\"elementor-column elementor-col-50 elementor-inner-column elementor-element elementor-element-1fc9aac\" data-id=\"1fc9aac\" data-element_type=\"column\">\n\t\t\t<div class=\"elementor-widget-wrap elementor-element-populated\">\n\t\t\t\t\t\t<div class=\"elementor-element elementor-element-7121f87 elementor-widget elementor-widget-heading\" data-id=\"7121f87\" data-element_type=\"widget\" data-widget_type=\"heading.default\">\n\t\t\t\t<div class=\"elementor-widget-container\">\n\t\t\t<h3 class=\"elementor-heading-title elementor-size-default\">V\u00ddHODY TECHNOL\u00d3GIE FURAN<b>FLEX<\/b>\u00ae<\/h3>\t\t<\/div>\n\t\t\t\t<\/div>\n\t\t\t\t<div class=\"elementor-element elementor-element-eb60cf7 elementor-widget elementor-widget-text-editor\" data-id=\"eb60cf7\" data-element_type=\"widget\" data-widget_type=\"text-editor.default\">\n\t\t\t\t<div class=\"elementor-widget-container\">\n\t\t\t\t\t\t\t<ul><li>vysok\u00e1 \u017eivotnos\u0165 &#8211; <strong>garancia tesnosti min. 10 rokov<\/strong><\/li><li>Ve\u013ekos\u0165 kom\u00ednu nie je obmedzen\u00edm &#8211; <strong>priemer 60 &#8211; 1200mm a d\u013a\u017eka a\u017e 80m bez jedin\u00e9ho spoja<\/strong><\/li><li>Pou\u017eite\u013en\u00e1 <strong>pre v\u0161etky typy kotlov<\/strong> (mimo spa\u013eovania uhlia) <strong>a kom\u00ednov<\/strong><\/li><li>Mo\u017enos\u0165 in\u0161tal\u00e1cie do <strong>kom\u00ednov r\u00f4znych prierezov<\/strong> &#8211; zachov\u00e1va prierez kruhov\u00fd, obd\u013a\u017enikov\u00fd, eliptick\u00fd a pod.<\/li><li>Bezprobl\u00e9mov\u00e9 vlo\u017ekovanie <strong>uh\u00fdban\u00fdch i zalomen\u00fdch kom\u00ednov bez b\u00farania<\/strong> &#8211; vlo\u017eka sa plne prisp\u00f4sob\u00ed tvaru kom\u00edna<\/li><li><strong>\u00dasporn\u00e1 prev\u00e1dzka a efekt\u00edvne vyu\u017eitie v\u00fdkonu<\/strong> kotla v\u010faka hladk\u00e9mu povrchu a vhodn\u00e9mu tepeln\u00e9mu odporu &#8211; kom\u00edn lep\u0161ie \u0165ah\u00e1<\/li><li><strong>Tepeln\u00e1 izol\u00e1cia je 4 kr\u00e1t vy\u0161\u0161ia ako u oce\u013eov\u00fdch &#8211; nerezov\u00fdch vlo\u017eiek<\/strong> (zni\u017euj\u00fa sa tepeln\u00e9 straty kom\u00ednov a ohrev pri\u013eahl\u00fdch stavebn\u00fdch kon\u0161trukci\u00ed a kom\u00ednov)<\/li><li><strong>Mo\u017enos\u0165 op\u00e4tovn\u00e9ho prevlo\u017ekovania kom\u00edna<\/strong> &#8211; nie je nutnos\u0165 odstra\u0148ova\u0165 ak\u00fako\u013evek star\u00fa netesniacu vlo\u017eku<\/li><li>\u010cist\u00e1 in\u0161tal\u00e1cia &#8211; <strong>nie je nutn\u00e9 b\u00faranie ani fr\u00e9zovanie star\u00e9ho kom\u00edna<\/strong><\/li><li>Jedin\u00e1 mo\u017enos\u0165 na <strong>prevlo\u017ekovanie star\u00fdch nerezov\u00fdch vlo\u017eiek bez b\u00farania<\/strong><\/li><\/ul>\t\t\t\t\t\t<\/div>\n\t\t\t\t<\/div>\n\t\t\t\t\t<\/div>\n\t\t<\/div>\n\t\t\t\t<div class=\"elementor-column elementor-col-50 elementor-inner-column elementor-element elementor-element-9a3412a\" data-id=\"9a3412a\" data-element_type=\"column\">\n\t\t\t<div class=\"elementor-widget-wrap elementor-element-populated\">\n\t\t\t\t\t\t<div class=\"elementor-element elementor-element-4ecad37 elementor-widget elementor-widget-image\" data-id=\"4ecad37\" data-element_type=\"widget\" data-widget_type=\"image.default\">\n\t\t\t\t<div class=\"elementor-widget-container\">\n\t\t\t\t\t\t\t\t\t\t\t\t\t<img fetchpriority=\"high\" decoding=\"async\" width=\"597\" height=\"756\" src=\"https:\/\/www.furanflex.sk\/wp-content\/uploads\/2022\/08\/xx.png\" class=\"attachment-large size-large wp-image-2640\" alt=\"\" srcset=\"https:\/\/www.furanflex.sk\/wp-content\/uploads\/2022\/08\/xx.png 597w, https:\/\/www.furanflex.sk\/wp-content\/uploads\/2022\/08\/xx-237x300.png 237w\" sizes=\"(max-width: 597px) 100vw, 597px\" \/>\t\t\t\t\t\t\t\t\t\t\t\t\t<\/div>\n\t\t\t\t<\/div>\n\t\t\t\t\t<\/div>\n\t\t<\/div>\n\t\t\t\t\t<\/div>\n\t\t<\/section>\n\t\t\t\t\t<\/div>\n\t\t<\/div>\n\t\t\t\t\t<\/div>\n\t\t<\/section>\n\t\t\t\t<section class=\"elementor-section elementor-top-section elementor-element elementor-element-a15b4fb elementor-section-boxed elementor-section-height-default elementor-section-height-default\" data-id=\"a15b4fb\" data-element_type=\"section\">\n\t\t\t\t\t\t<div class=\"elementor-container elementor-column-gap-default\">\n\t\t\t\t\t<div class=\"elementor-column elementor-col-100 elementor-top-column elementor-element elementor-element-e07b4d4\" data-id=\"e07b4d4\" data-element_type=\"column\">\n\t\t\t<div class=\"elementor-widget-wrap elementor-element-populated\">\n\t\t\t\t\t\t<section class=\"elementor-section elementor-inner-section elementor-element elementor-element-27b9a9b elementor-section-boxed elementor-section-height-default elementor-section-height-default\" data-id=\"27b9a9b\" data-element_type=\"section\">\n\t\t\t\t\t\t<div class=\"elementor-container elementor-column-gap-default\">\n\t\t\t\t\t<div class=\"elementor-column elementor-col-100 elementor-inner-column elementor-element elementor-element-c77a965\" data-id=\"c77a965\" data-element_type=\"column\">\n\t\t\t<div class=\"elementor-widget-wrap elementor-element-populated\">\n\t\t\t\t\t\t<div class=\"elementor-element elementor-element-d268f0e elementor-widget elementor-widget-text-editor\" data-id=\"d268f0e\" data-element_type=\"widget\" data-widget_type=\"text-editor.default\">\n\t\t\t\t<div class=\"elementor-widget-container\">\n\t\t\t\t\t\t\t<p><strong>Certifik\u00e1cia &#8211; <\/strong>FURAN<strong>FLEX\u00ae RWV<\/strong><\/p>\n<p>FURAN<b>FLEX<\/b>\u00aeRWV obdr\u017eal n\u00e1rodn\u00e9 povolenie vo viacer\u00fdch krajin\u00e1ch Eur\u00f3py. Slovensk\u00e1 legislat\u00edva umo\u017e\u0148uje prebera\u0165 certifik\u00e1ty z in\u00fdch kraj\u00edn E\u00da.<\/p>\n<p><\/p>\n<p><strong>Z\u00e1ru\u010dn\u00e9 podmienky<\/strong> &#8211; FURAN<b>FLEX<\/b>\u00ae RWV<\/p>\n<p>Kompozitor Kft. (\u010falej uveden\u00fd ako v\u00fdrobca) poskytuje 10 ro\u010dn\u00fa garanciu na kom\u00ednov\u00e9 vlo\u017eky FURAN<b>FLEX<\/b>\u00ae RWV.<\/p>\n<ul>\n<li>in\u0161tal\u00e1cia pod\u013ea podmienok ETA (povolenie \u010d.: 12\/0346) pri splnen\u00ed miestnych stavebn\u00fdch a kon\u0161truk\u010dn\u00fdch priemyslov\u00fdch nariadeniach.<\/li>\n<li>Dod\u00e1vate\u013e (in\u0161tala\u010dn\u00e1 firma) mus\u00ed ma\u0165 certifik\u00e1t vystaven\u00fd v\u00fdrobcom, potvrdzuj\u00faci jeho znalosti a kompetentnos\u0165 t\u00fdkaj\u00facu sa technol\u00f3gie FURAN<b>FLEX<\/b>\u00ae<\/li>\n<li>In\u0161tal\u00e1cia vlo\u017eky FURAN<b>FLEX<\/b>\u00ae bola preveden\u00e1 technick\u00fdm vybaven\u00edm schv\u00e1len\u00fdm v\u00fdrobcom<\/li>\n<li>Existencia Z\u00e1ru\u010dn\u00e9ho listu vystaven\u00e9ho v\u00fdrobcom<\/li>\n<li>Predlo\u017eenie rev\u00edznej spr\u00e1vy a Spr\u00e1vy o \u010disten\u00ed a kontrole spalinovej cesty pod\u013ea n\u00e1rodn\u00fdch predpisov<\/li>\n<li>Vyplnenie a zaslanie Reklama\u010dn\u00e9ho protokolu v\u00fdrobcovi in\u0161tala\u010dnou firmou, ktor\u00e1 zais\u0165ovala in\u0161tal\u00e1ciu vlo\u017eky<\/li>\n<\/ul>\n<p>N\u00e1rok na garanciu zanik\u00e1 v pr\u00edpade:<\/p>\n<ul>\n<li>\u017ee d\u00f4jde k v\u00fdmene, alebo neodbornej manipul\u00e1cii so spotrebi\u010dom bez vedomia a povolenia in\u0161tala\u010dnej firmy<\/li>\n<li>Neboli vykon\u00e1van\u00e9 z\u00e1konn\u00e9 kontroly a \u00fadr\u017eba spotrebi\u010dov a spalinovej cesty<\/li>\n<\/ul>\t\t\t\t\t\t<\/div>\n\t\t\t\t<\/div>\n\t\t\t\t\t<\/div>\n\t\t<\/div>\n\t\t\t\t\t<\/div>\n\t\t<\/section>\n\t\t\t\t\t<\/div>\n\t\t<\/div>\n\t\t\t\t\t<\/div>\n\t\t<\/section>\n\t\t\t\t<section class=\"elementor-section elementor-top-section elementor-element elementor-element-bc7a66e elementor-section-full_width elementor-section-height-default elementor-section-height-default\" data-id=\"bc7a66e\" data-element_type=\"section\">\n\t\t\t\t\t\t<div class=\"elementor-container elementor-column-gap-default\">\n\t\t\t\t\t<div class=\"elementor-column elementor-col-100 elementor-top-column elementor-element elementor-element-6040176\" data-id=\"6040176\" data-element_type=\"column\">\n\t\t\t<div class=\"elementor-widget-wrap elementor-element-populated\">\n\t\t\t\t\t\t<div class=\"elementor-element elementor-element-66f9a4a elementor-widget elementor-widget-image\" data-id=\"66f9a4a\" data-element_type=\"widget\" data-widget_type=\"image.default\">\n\t\t\t\t<div class=\"elementor-widget-container\">\n\t\t\t\t\t\t\t\t\t\t\t\t\t<img decoding=\"async\" width=\"2560\" height=\"1302\" src=\"https:\/\/www.furanflex.sk\/wp-content\/uploads\/2025\/02\/Snimka-obrazovky-2025-02-09-o-14.41.13-scaled.jpg\" class=\"attachment-full size-full wp-image-3118\" alt=\"WOOD1\" srcset=\"https:\/\/www.furanflex.sk\/wp-content\/uploads\/2025\/02\/Snimka-obrazovky-2025-02-09-o-14.41.13-scaled.jpg 2560w, https:\/\/www.furanflex.sk\/wp-content\/uploads\/2025\/02\/Snimka-obrazovky-2025-02-09-o-14.41.13-300x153.jpg 300w, https:\/\/www.furanflex.sk\/wp-content\/uploads\/2025\/02\/Snimka-obrazovky-2025-02-09-o-14.41.13-1024x521.jpg 1024w, https:\/\/www.furanflex.sk\/wp-content\/uploads\/2025\/02\/Snimka-obrazovky-2025-02-09-o-14.41.13-768x391.jpg 768w, https:\/\/www.furanflex.sk\/wp-content\/uploads\/2025\/02\/Snimka-obrazovky-2025-02-09-o-14.41.13-1536x781.jpg 1536w, https:\/\/www.furanflex.sk\/wp-content\/uploads\/2025\/02\/Snimka-obrazovky-2025-02-09-o-14.41.13-2048x1042.jpg 2048w\" sizes=\"(max-width: 2560px) 100vw, 2560px\" \/>\t\t\t\t\t\t\t\t\t\t\t\t\t<\/div>\n\t\t\t\t<\/div>\n\t\t\t\t\t<\/div>\n\t\t<\/div>\n\t\t\t\t\t<\/div>\n\t\t<\/section>\n\t\t\t\t<section class=\"elementor-section elementor-top-section elementor-element elementor-element-868ab72 elementor-section-full_width elementor-section-height-default elementor-section-height-default\" data-id=\"868ab72\" data-element_type=\"section\">\n\t\t\t\t\t\t<div class=\"elementor-container elementor-column-gap-default\">\n\t\t\t\t\t<div class=\"elementor-column elementor-col-100 elementor-top-column elementor-element elementor-element-052fc14\" data-id=\"052fc14\" data-element_type=\"column\">\n\t\t\t<div class=\"elementor-widget-wrap elementor-element-populated\">\n\t\t\t\t\t\t<div class=\"elementor-element elementor-element-10c13fb elementor-widget elementor-widget-image\" data-id=\"10c13fb\" data-element_type=\"widget\" data-widget_type=\"image.default\">\n\t\t\t\t<div class=\"elementor-widget-container\">\n\t\t\t\t\t\t\t\t\t\t\t\t\t<img decoding=\"async\" width=\"2560\" height=\"1078\" src=\"https:\/\/www.furanflex.sk\/wp-content\/uploads\/2025\/02\/Snimka-obrazovky-2025-02-09-o-14.41.39-scaled.jpg\" class=\"attachment-full size-full wp-image-3119\" alt=\"WOOD2\" srcset=\"https:\/\/www.furanflex.sk\/wp-content\/uploads\/2025\/02\/Snimka-obrazovky-2025-02-09-o-14.41.39-scaled.jpg 2560w, https:\/\/www.furanflex.sk\/wp-content\/uploads\/2025\/02\/Snimka-obrazovky-2025-02-09-o-14.41.39-300x126.jpg 300w, https:\/\/www.furanflex.sk\/wp-content\/uploads\/2025\/02\/Snimka-obrazovky-2025-02-09-o-14.41.39-1024x431.jpg 1024w, https:\/\/www.furanflex.sk\/wp-content\/uploads\/2025\/02\/Snimka-obrazovky-2025-02-09-o-14.41.39-768x323.jpg 768w, https:\/\/www.furanflex.sk\/wp-content\/uploads\/2025\/02\/Snimka-obrazovky-2025-02-09-o-14.41.39-1536x647.jpg 1536w, https:\/\/www.furanflex.sk\/wp-content\/uploads\/2025\/02\/Snimka-obrazovky-2025-02-09-o-14.41.39-2048x863.jpg 2048w\" sizes=\"(max-width: 2560px) 100vw, 2560px\" \/>\t\t\t\t\t\t\t\t\t\t\t\t\t<\/div>\n\t\t\t\t<\/div>\n\t\t\t\t\t<\/div>\n\t\t<\/div>\n\t\t\t\t\t<\/div>\n\t\t<\/section>\n\t\t\t\t<\/div>\n\t\t","protected":false},"excerpt":{"rendered":"<p>VYKUROVANIE DREVOM Kompozitn\u00e1 kom\u00ednov\u00e1 vlo\u017eka s vynikaj\u00facou tepelnou odolnos\u0165ou a odolnos\u0165ou proti plame\u0148om. Vlo\u017eky FURANFLEX\u00ae je mo\u017en\u00e9 pou\u017e\u00edva\u0165 na kom\u00edny pre tuh\u00e9 paliv\u00e1 ako je drevo, dreven\u00e9 brikety, peletky atp. s max. teplotou spal\u00edn do 450 \u00b0C.\u00a0Skop\u00edruj\u00fa ak\u00fdko\u013evek tvar kom\u00ednov, ich zalomenie, \u00fahyby aj zmeny prierezu. V\u00ddHODY TECHNOL\u00d3GIE FURANFLEX\u00ae vysok\u00e1 \u017eivotnos\u0165 &#8211; garancia tesnosti min.&hellip;&nbsp;<a href=\"https:\/\/www.furanflex.sk\/?page_id=2638\" class=\"\" rel=\"bookmark\">\u010c\u00edta\u0165 viac &raquo;<span class=\"screen-reader-text\">Vykurovanie drevom<\/span><\/a><\/p>\n","protected":false},"author":1,"featured_media":0,"parent":0,"menu_order":0,"comment_status":"closed","ping_status":"closed","template":"page-templates\/template-pagebuilder-full-width.php","meta":{"neve_meta_sidebar":"","neve_meta_container":"","neve_meta_enable_content_width":"","neve_meta_content_width":0,"neve_meta_title_alignment":"","neve_meta_author_avatar":"","neve_post_elements_order":"","neve_meta_disable_header":"","neve_meta_disable_footer":"","neve_meta_disable_title":"","footnotes":""},"class_list":["post-2638","page","type-page","status-publish","hentry"],"yoast_head":"<!-- This site is optimized with the Yoast SEO plugin v19.4 - https:\/\/yoast.com\/wordpress\/plugins\/seo\/ -->\n<title>Vykurovanie drevom - Furanflex<\/title>\n<meta name=\"robots\" content=\"index, follow, max-snippet:-1, max-image-preview:large, max-video-preview:-1\" \/>\n<link rel=\"canonical\" href=\"https:\/\/www.furanflex.sk\/?page_id=2638\" \/>\n<meta property=\"og:locale\" content=\"sk_SK\" \/>\n<meta property=\"og:type\" content=\"article\" \/>\n<meta property=\"og:title\" content=\"Vykurovanie drevom - Furanflex\" \/>\n<meta property=\"og:description\" content=\"VYKUROVANIE DREVOM Kompozitn\u00e1 kom\u00ednov\u00e1 vlo\u017eka s vynikaj\u00facou tepelnou odolnos\u0165ou a odolnos\u0165ou proti plame\u0148om. Vlo\u017eky FURANFLEX\u00ae je mo\u017en\u00e9 pou\u017e\u00edva\u0165 na kom\u00edny pre tuh\u00e9 paliv\u00e1 ako je drevo, dreven\u00e9 brikety, peletky atp. s max. teplotou spal\u00edn do 450 \u00b0C.\u00a0Skop\u00edruj\u00fa ak\u00fdko\u013evek tvar kom\u00ednov, ich zalomenie, \u00fahyby aj zmeny prierezu. V\u00ddHODY TECHNOL\u00d3GIE FURANFLEX\u00ae vysok\u00e1 \u017eivotnos\u0165 &#8211; garancia tesnosti min.&hellip;&nbsp;\u010c\u00edta\u0165 viac &raquo;Vykurovanie drevom\" \/>\n<meta property=\"og:url\" content=\"https:\/\/www.furanflex.sk\/?page_id=2638\" \/>\n<meta property=\"og:site_name\" content=\"Furanflex\" \/>\n<meta property=\"article:modified_time\" content=\"2025-02-09T13:44:04+00:00\" \/>\n<meta property=\"og:image\" content=\"https:\/\/www.furanflex.sk\/wp-content\/uploads\/2022\/08\/xx.png\" \/>\n<meta name=\"twitter:card\" content=\"summary_large_image\" \/>\n<meta name=\"twitter:label1\" content=\"Predpokladan\u00fd \u010das \u010d\u00edtania\" \/>\n\t<meta name=\"twitter:data1\" content=\"3 min\u00faty\" \/>\n<script type=\"application\/ld+json\" class=\"yoast-schema-graph\">{\"@context\":\"https:\/\/schema.org\",\"@graph\":[{\"@type\":\"Organization\",\"@id\":\"https:\/\/www.furanflex.sk\/#organization\",\"name\":\"Furanflex\",\"url\":\"https:\/\/www.furanflex.sk\/\",\"sameAs\":[],\"logo\":{\"@type\":\"ImageObject\",\"inLanguage\":\"sk-SK\",\"@id\":\"https:\/\/www.furanflex.sk\/#\/schema\/logo\/image\/\",\"url\":\"https:\/\/www.furanflex.sk\/wp-content\/uploads\/2020\/12\/web-agency-logo-3.png\",\"contentUrl\":\"https:\/\/www.furanflex.sk\/wp-content\/uploads\/2020\/12\/web-agency-logo-3.png\",\"width\":200,\"height\":200,\"caption\":\"Furanflex\"},\"image\":{\"@id\":\"https:\/\/www.furanflex.sk\/#\/schema\/logo\/image\/\"}},{\"@type\":\"WebSite\",\"@id\":\"https:\/\/www.furanflex.sk\/#website\",\"url\":\"https:\/\/www.furanflex.sk\/\",\"name\":\"Furanflex\",\"description\":\"Furanflex kom\u00edny\",\"publisher\":{\"@id\":\"https:\/\/www.furanflex.sk\/#organization\"},\"potentialAction\":[{\"@type\":\"SearchAction\",\"target\":{\"@type\":\"EntryPoint\",\"urlTemplate\":\"https:\/\/www.furanflex.sk\/?s={search_term_string}\"},\"query-input\":\"required name=search_term_string\"}],\"inLanguage\":\"sk-SK\"},{\"@type\":\"WebPage\",\"@id\":\"https:\/\/www.furanflex.sk\/?page_id=2638\",\"url\":\"https:\/\/www.furanflex.sk\/?page_id=2638\",\"name\":\"Vykurovanie drevom - Furanflex\",\"isPartOf\":{\"@id\":\"https:\/\/www.furanflex.sk\/#website\"},\"datePublished\":\"2022-08-16T17:11:08+00:00\",\"dateModified\":\"2025-02-09T13:44:04+00:00\",\"breadcrumb\":{\"@id\":\"https:\/\/www.furanflex.sk\/?page_id=2638#breadcrumb\"},\"inLanguage\":\"sk-SK\",\"potentialAction\":[{\"@type\":\"ReadAction\",\"target\":[\"https:\/\/www.furanflex.sk\/?page_id=2638\"]}]},{\"@type\":\"BreadcrumbList\",\"@id\":\"https:\/\/www.furanflex.sk\/?page_id=2638#breadcrumb\",\"itemListElement\":[{\"@type\":\"ListItem\",\"position\":1,\"name\":\"Home\",\"item\":\"https:\/\/www.furanflex.sk\/\"},{\"@type\":\"ListItem\",\"position\":2,\"name\":\"Vykurovanie drevom\"}]}]}<\/script>\n<!-- \/ Yoast SEO plugin. -->","yoast_head_json":{"title":"Vykurovanie drevom - Furanflex","robots":{"index":"index","follow":"follow","max-snippet":"max-snippet:-1","max-image-preview":"max-image-preview:large","max-video-preview":"max-video-preview:-1"},"canonical":"https:\/\/www.furanflex.sk\/?page_id=2638","og_locale":"sk_SK","og_type":"article","og_title":"Vykurovanie drevom - Furanflex","og_description":"VYKUROVANIE DREVOM Kompozitn\u00e1 kom\u00ednov\u00e1 vlo\u017eka s vynikaj\u00facou tepelnou odolnos\u0165ou a odolnos\u0165ou proti plame\u0148om. Vlo\u017eky FURANFLEX\u00ae je mo\u017en\u00e9 pou\u017e\u00edva\u0165 na kom\u00edny pre tuh\u00e9 paliv\u00e1 ako je drevo, dreven\u00e9 brikety, peletky atp. s max. teplotou spal\u00edn do 450 \u00b0C.\u00a0Skop\u00edruj\u00fa ak\u00fdko\u013evek tvar kom\u00ednov, ich zalomenie, \u00fahyby aj zmeny prierezu. V\u00ddHODY TECHNOL\u00d3GIE FURANFLEX\u00ae vysok\u00e1 \u017eivotnos\u0165 &#8211; garancia tesnosti min.&hellip;&nbsp;\u010c\u00edta\u0165 viac &raquo;Vykurovanie drevom","og_url":"https:\/\/www.furanflex.sk\/?page_id=2638","og_site_name":"Furanflex","article_modified_time":"2025-02-09T13:44:04+00:00","og_image":[{"url":"https:\/\/www.furanflex.sk\/wp-content\/uploads\/2022\/08\/xx.png"}],"twitter_card":"summary_large_image","twitter_misc":{"Predpokladan\u00fd \u010das \u010d\u00edtania":"3 min\u00faty"},"schema":{"@context":"https:\/\/schema.org","@graph":[{"@type":"Organization","@id":"https:\/\/www.furanflex.sk\/#organization","name":"Furanflex","url":"https:\/\/www.furanflex.sk\/","sameAs":[],"logo":{"@type":"ImageObject","inLanguage":"sk-SK","@id":"https:\/\/www.furanflex.sk\/#\/schema\/logo\/image\/","url":"https:\/\/www.furanflex.sk\/wp-content\/uploads\/2020\/12\/web-agency-logo-3.png","contentUrl":"https:\/\/www.furanflex.sk\/wp-content\/uploads\/2020\/12\/web-agency-logo-3.png","width":200,"height":200,"caption":"Furanflex"},"image":{"@id":"https:\/\/www.furanflex.sk\/#\/schema\/logo\/image\/"}},{"@type":"WebSite","@id":"https:\/\/www.furanflex.sk\/#website","url":"https:\/\/www.furanflex.sk\/","name":"Furanflex","description":"Furanflex kom\u00edny","publisher":{"@id":"https:\/\/www.furanflex.sk\/#organization"},"potentialAction":[{"@type":"SearchAction","target":{"@type":"EntryPoint","urlTemplate":"https:\/\/www.furanflex.sk\/?s={search_term_string}"},"query-input":"required name=search_term_string"}],"inLanguage":"sk-SK"},{"@type":"WebPage","@id":"https:\/\/www.furanflex.sk\/?page_id=2638","url":"https:\/\/www.furanflex.sk\/?page_id=2638","name":"Vykurovanie drevom - Furanflex","isPartOf":{"@id":"https:\/\/www.furanflex.sk\/#website"},"datePublished":"2022-08-16T17:11:08+00:00","dateModified":"2025-02-09T13:44:04+00:00","breadcrumb":{"@id":"https:\/\/www.furanflex.sk\/?page_id=2638#breadcrumb"},"inLanguage":"sk-SK","potentialAction":[{"@type":"ReadAction","target":["https:\/\/www.furanflex.sk\/?page_id=2638"]}]},{"@type":"BreadcrumbList","@id":"https:\/\/www.furanflex.sk\/?page_id=2638#breadcrumb","itemListElement":[{"@type":"ListItem","position":1,"name":"Home","item":"https:\/\/www.furanflex.sk\/"},{"@type":"ListItem","position":2,"name":"Vykurovanie drevom"}]}]}},"_links":{"self":[{"href":"https:\/\/www.furanflex.sk\/index.php?rest_route=\/wp\/v2\/pages\/2638"}],"collection":[{"href":"https:\/\/www.furanflex.sk\/index.php?rest_route=\/wp\/v2\/pages"}],"about":[{"href":"https:\/\/www.furanflex.sk\/index.php?rest_route=\/wp\/v2\/types\/page"}],"author":[{"embeddable":true,"href":"https:\/\/www.furanflex.sk\/index.php?rest_route=\/wp\/v2\/users\/1"}],"replies":[{"embeddable":true,"href":"https:\/\/www.furanflex.sk\/index.php?rest_route=%2Fwp%2Fv2%2Fcomments&post=2638"}],"version-history":[{"count":6,"href":"https:\/\/www.furanflex.sk\/index.php?rest_route=\/wp\/v2\/pages\/2638\/revisions"}],"predecessor-version":[{"id":3123,"href":"https:\/\/www.furanflex.sk\/index.php?rest_route=\/wp\/v2\/pages\/2638\/revisions\/3123"}],"wp:attachment":[{"href":"https:\/\/www.furanflex.sk\/index.php?rest_route=%2Fwp%2Fv2%2Fmedia&parent=2638"}],"curies":[{"name":"wp","href":"https:\/\/api.w.org\/{rel}","templated":true}]}}