{"id":2626,"date":"2022-08-16T16:20:19","date_gmt":"2022-08-16T16:20:19","guid":{"rendered":"https:\/\/www.furanflex.sk\/?page_id=2626"},"modified":"2025-02-09T13:37:29","modified_gmt":"2025-02-09T13:37:29","slug":"kominy-plyn-lto","status":"publish","type":"page","link":"https:\/\/www.furanflex.sk\/?page_id=2626","title":{"rendered":"Kom\u00edny PLYN &#8211; LTO"},"content":{"rendered":"\t\t<div data-elementor-type=\"wp-page\" data-elementor-id=\"2626\" class=\"elementor elementor-2626\">\n\t\t\t\t\t\t<section class=\"elementor-section elementor-top-section elementor-element elementor-element-1511edb elementor-section-boxed elementor-section-height-default elementor-section-height-default\" data-id=\"1511edb\" data-element_type=\"section\">\n\t\t\t\t\t\t<div class=\"elementor-container elementor-column-gap-default\">\n\t\t\t\t\t<div class=\"elementor-column elementor-col-100 elementor-top-column elementor-element elementor-element-216bb75\" data-id=\"216bb75\" data-element_type=\"column\">\n\t\t\t<div class=\"elementor-widget-wrap elementor-element-populated\">\n\t\t\t\t\t\t<div class=\"elementor-element elementor-element-fc8ab7f elementor-widget elementor-widget-spacer\" data-id=\"fc8ab7f\" data-element_type=\"widget\" data-widget_type=\"spacer.default\">\n\t\t\t\t<div class=\"elementor-widget-container\">\n\t\t\t\t\t<div class=\"elementor-spacer\">\n\t\t\t<div class=\"elementor-spacer-inner\"><\/div>\n\t\t<\/div>\n\t\t\t\t<\/div>\n\t\t\t\t<\/div>\n\t\t\t\t<section class=\"elementor-section elementor-inner-section elementor-element elementor-element-de6715d elementor-section-boxed elementor-section-height-default elementor-section-height-default\" data-id=\"de6715d\" data-element_type=\"section\">\n\t\t\t\t\t\t<div class=\"elementor-container elementor-column-gap-default\">\n\t\t\t\t\t<div class=\"elementor-column elementor-col-100 elementor-inner-column elementor-element elementor-element-e819182\" data-id=\"e819182\" data-element_type=\"column\">\n\t\t\t<div class=\"elementor-widget-wrap elementor-element-populated\">\n\t\t\t\t\t\t<div class=\"elementor-element elementor-element-f47e238 elementor-widget elementor-widget-heading\" data-id=\"f47e238\" data-element_type=\"widget\" data-widget_type=\"heading.default\">\n\t\t\t\t<div class=\"elementor-widget-container\">\n\t\t\t<h3 class=\"elementor-heading-title elementor-size-default\">VYKUROVANIE PLYNOM A  LTO<\/h3>\t\t<\/div>\n\t\t\t\t<\/div>\n\t\t\t\t\t<\/div>\n\t\t<\/div>\n\t\t\t\t\t<\/div>\n\t\t<\/section>\n\t\t\t\t\t<\/div>\n\t\t<\/div>\n\t\t\t\t\t<\/div>\n\t\t<\/section>\n\t\t\t\t<section class=\"elementor-section elementor-top-section elementor-element elementor-element-8240838 elementor-section-boxed elementor-section-height-default elementor-section-height-default\" data-id=\"8240838\" data-element_type=\"section\">\n\t\t\t\t\t\t<div class=\"elementor-container elementor-column-gap-default\">\n\t\t\t\t\t<div class=\"elementor-column elementor-col-100 elementor-top-column elementor-element elementor-element-f4cf4bf\" data-id=\"f4cf4bf\" data-element_type=\"column\">\n\t\t\t<div class=\"elementor-widget-wrap elementor-element-populated\">\n\t\t\t\t\t\t<section class=\"elementor-section elementor-inner-section elementor-element elementor-element-02d45ce elementor-section-boxed elementor-section-height-default elementor-section-height-default\" data-id=\"02d45ce\" data-element_type=\"section\">\n\t\t\t\t\t\t<div class=\"elementor-container elementor-column-gap-default\">\n\t\t\t\t\t<div class=\"elementor-column elementor-col-50 elementor-inner-column elementor-element elementor-element-d7fbca4\" data-id=\"d7fbca4\" data-element_type=\"column\">\n\t\t\t<div class=\"elementor-widget-wrap elementor-element-populated\">\n\t\t\t\t\t\t<div class=\"elementor-element elementor-element-212aea4 elementor-widget elementor-widget-text-editor\" data-id=\"212aea4\" data-element_type=\"widget\" data-widget_type=\"text-editor.default\">\n\t\t\t\t<div class=\"elementor-widget-container\">\n\t\t\t\t\t\t\t<p>Mo\u017en\u00e9 pou\u017ei\u0165 pre samostatn\u00e9 ale aj spolo\u010dn\u00e9 kom\u00edny, pre v\u0161etky plynov\u00e9 aj olejov\u00e9 kotle.<\/p><p>Materi\u00e1l FURAN<b>FLEX<\/b>\u00ae sa pou\u017e\u00edva pre kotle s prirodzen\u00fdm \u0165ahom, s uzavretou komorou (Turbo kotle) ale aj kondenza\u010dn\u00e9 kotle. Skop\u00edruj\u00fa ak\u00fdko\u013evek tvar kom\u00ednov, ich zalomenie, \u00fahyby aj zmeny prierezu. Vlo\u017eka je vhodn\u00e1 aj pre spolo\u010dn\u00e9 kom\u00edny!<\/p><p>Vlo\u017eka FURAN<b>FLEX<\/b>\u00ae m\u00f4\u017ee by\u0165 nain\u0161talovan\u00e1 ako samostatn\u00fd kom\u00edn, v pr\u00edpade, \u017ee je jeden kom\u00edn pou\u017eit\u00fd pre jeden kotol (obvykl\u00fd pr\u00edpad) alebo ako spolo\u010dn\u00fd kom\u00edn, pokia\u013e je nieko\u013eko kotlov vyveden\u00fdch do jedn\u00e9ho kom\u00edna.<\/p><p>Pou\u017e\u00edva sa pre v\u0161etky typy kotlov a pre kom\u00edny v\u0161etk\u00fdch ve\u013ekost\u00ed a tvarov. Jeho pevnostn\u00e9 vlastnosti umo\u017e\u0148uj\u00fa pou\u017eitie materi\u00e1lu pre stavbu vo\u013ene stojacich kom\u00ednov.<\/p>\t\t\t\t\t\t<\/div>\n\t\t\t\t<\/div>\n\t\t\t\t\t<\/div>\n\t\t<\/div>\n\t\t\t\t<div class=\"elementor-column elementor-col-50 elementor-inner-column elementor-element elementor-element-87800ea\" data-id=\"87800ea\" data-element_type=\"column\">\n\t\t\t<div class=\"elementor-widget-wrap elementor-element-populated\">\n\t\t\t\t\t\t<div class=\"elementor-element elementor-element-0e14501 elementor-widget elementor-widget-image\" data-id=\"0e14501\" data-element_type=\"widget\" data-widget_type=\"image.default\">\n\t\t\t\t<div class=\"elementor-widget-container\">\n\t\t\t\t\t\t\t\t\t\t\t\t\t<img fetchpriority=\"high\" decoding=\"async\" width=\"435\" height=\"576\" src=\"https:\/\/www.furanflex.sk\/wp-content\/uploads\/2022\/08\/3-1-1.jpg\" class=\"attachment-large size-large wp-image-2628\" alt=\"\" srcset=\"https:\/\/www.furanflex.sk\/wp-content\/uploads\/2022\/08\/3-1-1.jpg 435w, https:\/\/www.furanflex.sk\/wp-content\/uploads\/2022\/08\/3-1-1-227x300.jpg 227w\" sizes=\"(max-width: 435px) 100vw, 435px\" \/>\t\t\t\t\t\t\t\t\t\t\t\t\t<\/div>\n\t\t\t\t<\/div>\n\t\t\t\t\t<\/div>\n\t\t<\/div>\n\t\t\t\t\t<\/div>\n\t\t<\/section>\n\t\t\t\t<section class=\"elementor-section elementor-inner-section elementor-element elementor-element-08d9be4 elementor-section-boxed elementor-section-height-default elementor-section-height-default\" data-id=\"08d9be4\" data-element_type=\"section\" data-settings=\"{&quot;background_background&quot;:&quot;classic&quot;}\">\n\t\t\t\t\t\t<div class=\"elementor-container elementor-column-gap-default\">\n\t\t\t\t\t<div class=\"elementor-column elementor-col-100 elementor-inner-column elementor-element elementor-element-4d99d43\" data-id=\"4d99d43\" data-element_type=\"column\">\n\t\t\t<div class=\"elementor-widget-wrap elementor-element-populated\">\n\t\t\t\t\t\t<div class=\"elementor-element elementor-element-6a54c7b elementor-widget elementor-widget-image\" data-id=\"6a54c7b\" data-element_type=\"widget\" data-widget_type=\"image.default\">\n\t\t\t\t<div class=\"elementor-widget-container\">\n\t\t\t\t\t\t\t\t\t\t\t\t\t<img decoding=\"async\" width=\"978\" height=\"756\" src=\"https:\/\/www.furanflex.sk\/wp-content\/uploads\/2022\/08\/Untitled-2.png\" class=\"attachment-large size-large wp-image-2630\" alt=\"\" srcset=\"https:\/\/www.furanflex.sk\/wp-content\/uploads\/2022\/08\/Untitled-2.png 978w, https:\/\/www.furanflex.sk\/wp-content\/uploads\/2022\/08\/Untitled-2-300x232.png 300w, https:\/\/www.furanflex.sk\/wp-content\/uploads\/2022\/08\/Untitled-2-768x594.png 768w\" sizes=\"(max-width: 978px) 100vw, 978px\" \/>\t\t\t\t\t\t\t\t\t\t\t\t\t<\/div>\n\t\t\t\t<\/div>\n\t\t\t\t\t<\/div>\n\t\t<\/div>\n\t\t\t\t\t<\/div>\n\t\t<\/section>\n\t\t\t\t<section class=\"elementor-section elementor-inner-section elementor-element elementor-element-d11f791 elementor-section-boxed elementor-section-height-default elementor-section-height-default\" data-id=\"d11f791\" data-element_type=\"section\">\n\t\t\t\t\t\t<div class=\"elementor-container elementor-column-gap-default\">\n\t\t\t\t\t<div class=\"elementor-column elementor-col-100 elementor-inner-column elementor-element elementor-element-d06d369\" data-id=\"d06d369\" data-element_type=\"column\">\n\t\t\t<div class=\"elementor-widget-wrap elementor-element-populated\">\n\t\t\t\t\t\t<div class=\"elementor-element elementor-element-a05c7cb elementor-widget elementor-widget-text-editor\" data-id=\"a05c7cb\" data-element_type=\"widget\" data-widget_type=\"text-editor.default\">\n\t\t\t\t<div class=\"elementor-widget-container\">\n\t\t\t\t\t\t\t<p><strong>Certifik\u00e1cia &#8211; <\/strong>FURAN<strong>FLEX\u00ae<\/strong><\/p>\n<p>FURAN<b>FLEX<\/b>\u00ae obdr\u017eal nutn\u00e9 povolenia pre aplik\u00e1ciu ako kom\u00ednov\u00e1 vlo\u017eka pre odvod spal\u00edn v Ma\u010farsku u\u017e v roku 1996. Rovnak\u00e9 povolenie nasledovalo v roku 2000 vo \u0160v\u00e9dsku. FURAN<b>FLEX<\/b>\u00ae bola prv\u00e1 kompozitn\u00e1 kom\u00ednov\u00e1 vlo\u017eka, ktor\u00e1 obdr\u017eala CE kvalifik\u00e1ciu v roku 2013 a UL ozna\u010denie v roku 2014. V mnoh\u00fdch krajin\u00e1ch m\u00e1 FURAN<b>FLEX<\/b>\u00ae n\u00e1rodn\u00e9 povolenia.<\/p>\n<p><strong>Z\u00e1ru\u010dn\u00e9 podmienky<\/strong><\/p>\n<p>Kompozitor Kft. (\u010falej uveden\u00fd ako v\u00fdrobca) poskytuje <strong>25 ro\u010dn\u00fa garanciu na kom\u00ednov\u00e9 vlo\u017eky <\/strong>FURAN<strong>FLEX\u00ae.<\/strong><\/p>\n<p><strong>Z\u00e1ru\u010dn\u00e9 podmienky:<\/strong><\/p>\n<ul>\n<li>in\u0161tal\u00e1cia pod\u013ea podmienok ETA (povolenie \u010d.: 12\/0346) pri splnen\u00ed miestnych stavebn\u00fdch a kon\u0161truk\u010dn\u00fdch priemyslov\u00fdch nariadeniach.<\/li>\n<li>Dod\u00e1vate\u013e (in\u0161tala\u010dn\u00e1 firma) mus\u00ed ma\u0165 certifik\u00e1t vystaven\u00fd v\u00fdrobcom, potvrdzuj\u00faci jeho znalosti a kompetentnos\u0165 t\u00fdkaj\u00facu sa technol\u00f3gie FURAN<b>FLEX<\/b>\u00ae<\/li>\n<li>In\u0161tal\u00e1cia vlo\u017eky FURAN<b>FLEX<\/b>\u00ae bola preveden\u00e1 technick\u00fdm vybaven\u00edm schv\u00e1len\u00fdm v\u00fdrobcom<\/li>\n<li>Existencia Z\u00e1ru\u010dn\u00e9ho listu vystaven\u00e9ho v\u00fdrobcom<\/li>\n<li>Predlo\u017eenie rev\u00edznej spr\u00e1vy a Spr\u00e1vy o \u010disten\u00ed a kontrole spalinovej cesty pod\u013ea n\u00e1rodn\u00fdch predpisov<\/li>\n<li>Vyplnenie a zaslanie Reklama\u010dn\u00e9ho protokolu v\u00fdrobcovi in\u0161tala\u010dnou firmou, ktor\u00e1 zais\u0165ovala in\u0161tal\u00e1ciu vlo\u017eky<\/li>\n<\/ul>\n<p>N\u00e1rok na garanciu zanik\u00e1 v pr\u00edpade:<\/p>\n<ul>\n<li>\u017ee d\u00f4jde k v\u00fdmene, alebo neodbornej manipul\u00e1cii so spotrebi\u010dom bez vedomia a povolenia in\u0161tala\u010dnej firmy<\/li>\n<li>Neboli vykon\u00e1van\u00e9 z\u00e1konn\u00e9 kontroly a \u00fadr\u017eba spotrebi\u010dov a spalinovej cesty<\/li>\n<\/ul>\n<p><strong>Z\u00e1ruka sa vz\u0165ahuje na opravy vlo\u017eky, nevz\u0165ahuje sa na ak\u00e9ko\u013evek priame alebo nepriame \u0161kody.<\/strong><\/p>\t\t\t\t\t\t<\/div>\n\t\t\t\t<\/div>\n\t\t\t\t\t<\/div>\n\t\t<\/div>\n\t\t\t\t\t<\/div>\n\t\t<\/section>\n\t\t\t\t\t<\/div>\n\t\t<\/div>\n\t\t\t\t\t<\/div>\n\t\t<\/section>\n\t\t\t\t<section class=\"elementor-section elementor-top-section elementor-element elementor-element-8da4058 elementor-section-full_width elementor-section-height-default elementor-section-height-default\" data-id=\"8da4058\" data-element_type=\"section\">\n\t\t\t\t\t\t<div class=\"elementor-container elementor-column-gap-default\">\n\t\t\t\t\t<div class=\"elementor-column elementor-col-100 elementor-top-column elementor-element elementor-element-ac9cf12\" data-id=\"ac9cf12\" data-element_type=\"column\">\n\t\t\t<div class=\"elementor-widget-wrap elementor-element-populated\">\n\t\t\t\t\t\t<div class=\"elementor-element elementor-element-6c0921e elementor-widget elementor-widget-image\" data-id=\"6c0921e\" data-element_type=\"widget\" data-widget_type=\"image.default\">\n\t\t\t\t<div class=\"elementor-widget-container\">\n\t\t\t\t\t\t\t\t\t\t\t\t\t<img decoding=\"async\" width=\"2560\" height=\"1309\" src=\"https:\/\/www.furanflex.sk\/wp-content\/uploads\/2025\/02\/Snimka-obrazovky-2025-02-09-o-14.34.58-scaled.jpg\" class=\"attachment-full size-full wp-image-3114\" alt=\"GAS1\" srcset=\"https:\/\/www.furanflex.sk\/wp-content\/uploads\/2025\/02\/Snimka-obrazovky-2025-02-09-o-14.34.58-scaled.jpg 2560w, https:\/\/www.furanflex.sk\/wp-content\/uploads\/2025\/02\/Snimka-obrazovky-2025-02-09-o-14.34.58-300x153.jpg 300w, https:\/\/www.furanflex.sk\/wp-content\/uploads\/2025\/02\/Snimka-obrazovky-2025-02-09-o-14.34.58-1024x524.jpg 1024w, https:\/\/www.furanflex.sk\/wp-content\/uploads\/2025\/02\/Snimka-obrazovky-2025-02-09-o-14.34.58-768x393.jpg 768w, https:\/\/www.furanflex.sk\/wp-content\/uploads\/2025\/02\/Snimka-obrazovky-2025-02-09-o-14.34.58-1536x786.jpg 1536w, https:\/\/www.furanflex.sk\/wp-content\/uploads\/2025\/02\/Snimka-obrazovky-2025-02-09-o-14.34.58-2048x1047.jpg 2048w\" sizes=\"(max-width: 2560px) 100vw, 2560px\" \/>\t\t\t\t\t\t\t\t\t\t\t\t\t<\/div>\n\t\t\t\t<\/div>\n\t\t\t\t\t<\/div>\n\t\t<\/div>\n\t\t\t\t\t<\/div>\n\t\t<\/section>\n\t\t\t\t<section class=\"elementor-section elementor-top-section elementor-element elementor-element-3d0de9a elementor-section-full_width elementor-section-height-default elementor-section-height-default\" data-id=\"3d0de9a\" data-element_type=\"section\">\n\t\t\t\t\t\t<div class=\"elementor-container elementor-column-gap-default\">\n\t\t\t\t\t<div class=\"elementor-column elementor-col-100 elementor-top-column elementor-element elementor-element-d0a0bbc\" data-id=\"d0a0bbc\" data-element_type=\"column\">\n\t\t\t<div class=\"elementor-widget-wrap elementor-element-populated\">\n\t\t\t\t\t\t<div class=\"elementor-element elementor-element-8b01ede elementor-widget elementor-widget-image\" data-id=\"8b01ede\" data-element_type=\"widget\" data-widget_type=\"image.default\">\n\t\t\t\t<div class=\"elementor-widget-container\">\n\t\t\t\t\t\t\t\t\t\t\t\t\t<img loading=\"lazy\" decoding=\"async\" width=\"2560\" height=\"1266\" src=\"https:\/\/www.furanflex.sk\/wp-content\/uploads\/2025\/02\/Snimka-obrazovky-2025-02-09-o-14.34.37-scaled.jpg\" class=\"attachment-full size-full wp-image-3113\" alt=\"GAS2\" srcset=\"https:\/\/www.furanflex.sk\/wp-content\/uploads\/2025\/02\/Snimka-obrazovky-2025-02-09-o-14.34.37-scaled.jpg 2560w, https:\/\/www.furanflex.sk\/wp-content\/uploads\/2025\/02\/Snimka-obrazovky-2025-02-09-o-14.34.37-300x148.jpg 300w, https:\/\/www.furanflex.sk\/wp-content\/uploads\/2025\/02\/Snimka-obrazovky-2025-02-09-o-14.34.37-1024x506.jpg 1024w, https:\/\/www.furanflex.sk\/wp-content\/uploads\/2025\/02\/Snimka-obrazovky-2025-02-09-o-14.34.37-768x380.jpg 768w, https:\/\/www.furanflex.sk\/wp-content\/uploads\/2025\/02\/Snimka-obrazovky-2025-02-09-o-14.34.37-1536x760.jpg 1536w, https:\/\/www.furanflex.sk\/wp-content\/uploads\/2025\/02\/Snimka-obrazovky-2025-02-09-o-14.34.37-2048x1013.jpg 2048w\" sizes=\"(max-width: 2560px) 100vw, 2560px\" \/>\t\t\t\t\t\t\t\t\t\t\t\t\t<\/div>\n\t\t\t\t<\/div>\n\t\t\t\t\t<\/div>\n\t\t<\/div>\n\t\t\t\t\t<\/div>\n\t\t<\/section>\n\t\t\t\t<\/div>\n\t\t","protected":false},"excerpt":{"rendered":"<p>VYKUROVANIE PLYNOM A LTO Mo\u017en\u00e9 pou\u017ei\u0165 pre samostatn\u00e9 ale aj spolo\u010dn\u00e9 kom\u00edny, pre v\u0161etky plynov\u00e9 aj olejov\u00e9 kotle. Materi\u00e1l FURANFLEX\u00ae sa pou\u017e\u00edva pre kotle s prirodzen\u00fdm \u0165ahom, s uzavretou komorou (Turbo kotle) ale aj kondenza\u010dn\u00e9 kotle. Skop\u00edruj\u00fa ak\u00fdko\u013evek tvar kom\u00ednov, ich zalomenie, \u00fahyby aj zmeny prierezu. Vlo\u017eka je vhodn\u00e1 aj pre spolo\u010dn\u00e9 kom\u00edny! Vlo\u017eka FURANFLEX\u00ae&hellip;&nbsp;<a href=\"https:\/\/www.furanflex.sk\/?page_id=2626\" class=\"\" rel=\"bookmark\">\u010c\u00edta\u0165 viac &raquo;<span class=\"screen-reader-text\">Kom\u00edny PLYN &#8211; LTO<\/span><\/a><\/p>\n","protected":false},"author":1,"featured_media":0,"parent":0,"menu_order":0,"comment_status":"closed","ping_status":"closed","template":"page-templates\/template-pagebuilder-full-width.php","meta":{"neve_meta_sidebar":"","neve_meta_container":"","neve_meta_enable_content_width":"","neve_meta_content_width":0,"neve_meta_title_alignment":"","neve_meta_author_avatar":"","neve_post_elements_order":"","neve_meta_disable_header":"","neve_meta_disable_footer":"","neve_meta_disable_title":"","footnotes":""},"class_list":["post-2626","page","type-page","status-publish","hentry"],"yoast_head":"<!-- This site is optimized with the Yoast SEO plugin v19.4 - https:\/\/yoast.com\/wordpress\/plugins\/seo\/ -->\n<title>Kom\u00edny PLYN - LTO - Furanflex<\/title>\n<meta name=\"robots\" content=\"index, follow, max-snippet:-1, max-image-preview:large, max-video-preview:-1\" \/>\n<link rel=\"canonical\" href=\"https:\/\/www.furanflex.sk\/?page_id=2626\" \/>\n<meta property=\"og:locale\" content=\"sk_SK\" \/>\n<meta property=\"og:type\" content=\"article\" \/>\n<meta property=\"og:title\" content=\"Kom\u00edny PLYN - LTO - Furanflex\" \/>\n<meta property=\"og:description\" content=\"VYKUROVANIE PLYNOM A LTO Mo\u017en\u00e9 pou\u017ei\u0165 pre samostatn\u00e9 ale aj spolo\u010dn\u00e9 kom\u00edny, pre v\u0161etky plynov\u00e9 aj olejov\u00e9 kotle. Materi\u00e1l FURANFLEX\u00ae sa pou\u017e\u00edva pre kotle s prirodzen\u00fdm \u0165ahom, s uzavretou komorou (Turbo kotle) ale aj kondenza\u010dn\u00e9 kotle. Skop\u00edruj\u00fa ak\u00fdko\u013evek tvar kom\u00ednov, ich zalomenie, \u00fahyby aj zmeny prierezu. Vlo\u017eka je vhodn\u00e1 aj pre spolo\u010dn\u00e9 kom\u00edny! Vlo\u017eka FURANFLEX\u00ae&hellip;&nbsp;\u010c\u00edta\u0165 viac &raquo;Kom\u00edny PLYN &#8211; LTO\" \/>\n<meta property=\"og:url\" content=\"https:\/\/www.furanflex.sk\/?page_id=2626\" \/>\n<meta property=\"og:site_name\" content=\"Furanflex\" \/>\n<meta property=\"article:modified_time\" content=\"2025-02-09T13:37:29+00:00\" \/>\n<meta property=\"og:image\" content=\"https:\/\/www.furanflex.sk\/wp-content\/uploads\/2022\/08\/3-1-1.jpg\" \/>\n<meta name=\"twitter:card\" content=\"summary_large_image\" \/>\n<meta name=\"twitter:label1\" content=\"Predpokladan\u00fd \u010das \u010d\u00edtania\" \/>\n\t<meta name=\"twitter:data1\" content=\"3 min\u00faty\" \/>\n<script type=\"application\/ld+json\" class=\"yoast-schema-graph\">{\"@context\":\"https:\/\/schema.org\",\"@graph\":[{\"@type\":\"Organization\",\"@id\":\"https:\/\/www.furanflex.sk\/#organization\",\"name\":\"Furanflex\",\"url\":\"https:\/\/www.furanflex.sk\/\",\"sameAs\":[],\"logo\":{\"@type\":\"ImageObject\",\"inLanguage\":\"sk-SK\",\"@id\":\"https:\/\/www.furanflex.sk\/#\/schema\/logo\/image\/\",\"url\":\"https:\/\/www.furanflex.sk\/wp-content\/uploads\/2020\/12\/web-agency-logo-3.png\",\"contentUrl\":\"https:\/\/www.furanflex.sk\/wp-content\/uploads\/2020\/12\/web-agency-logo-3.png\",\"width\":200,\"height\":200,\"caption\":\"Furanflex\"},\"image\":{\"@id\":\"https:\/\/www.furanflex.sk\/#\/schema\/logo\/image\/\"}},{\"@type\":\"WebSite\",\"@id\":\"https:\/\/www.furanflex.sk\/#website\",\"url\":\"https:\/\/www.furanflex.sk\/\",\"name\":\"Furanflex\",\"description\":\"Furanflex kom\u00edny\",\"publisher\":{\"@id\":\"https:\/\/www.furanflex.sk\/#organization\"},\"potentialAction\":[{\"@type\":\"SearchAction\",\"target\":{\"@type\":\"EntryPoint\",\"urlTemplate\":\"https:\/\/www.furanflex.sk\/?s={search_term_string}\"},\"query-input\":\"required name=search_term_string\"}],\"inLanguage\":\"sk-SK\"},{\"@type\":\"WebPage\",\"@id\":\"https:\/\/www.furanflex.sk\/?page_id=2626\",\"url\":\"https:\/\/www.furanflex.sk\/?page_id=2626\",\"name\":\"Kom\u00edny PLYN - LTO - Furanflex\",\"isPartOf\":{\"@id\":\"https:\/\/www.furanflex.sk\/#website\"},\"datePublished\":\"2022-08-16T16:20:19+00:00\",\"dateModified\":\"2025-02-09T13:37:29+00:00\",\"breadcrumb\":{\"@id\":\"https:\/\/www.furanflex.sk\/?page_id=2626#breadcrumb\"},\"inLanguage\":\"sk-SK\",\"potentialAction\":[{\"@type\":\"ReadAction\",\"target\":[\"https:\/\/www.furanflex.sk\/?page_id=2626\"]}]},{\"@type\":\"BreadcrumbList\",\"@id\":\"https:\/\/www.furanflex.sk\/?page_id=2626#breadcrumb\",\"itemListElement\":[{\"@type\":\"ListItem\",\"position\":1,\"name\":\"Home\",\"item\":\"https:\/\/www.furanflex.sk\/\"},{\"@type\":\"ListItem\",\"position\":2,\"name\":\"Kom\u00edny PLYN &#8211; LTO\"}]}]}<\/script>\n<!-- \/ Yoast SEO plugin. -->","yoast_head_json":{"title":"Kom\u00edny PLYN - LTO - Furanflex","robots":{"index":"index","follow":"follow","max-snippet":"max-snippet:-1","max-image-preview":"max-image-preview:large","max-video-preview":"max-video-preview:-1"},"canonical":"https:\/\/www.furanflex.sk\/?page_id=2626","og_locale":"sk_SK","og_type":"article","og_title":"Kom\u00edny PLYN - LTO - Furanflex","og_description":"VYKUROVANIE PLYNOM A LTO Mo\u017en\u00e9 pou\u017ei\u0165 pre samostatn\u00e9 ale aj spolo\u010dn\u00e9 kom\u00edny, pre v\u0161etky plynov\u00e9 aj olejov\u00e9 kotle. Materi\u00e1l FURANFLEX\u00ae sa pou\u017e\u00edva pre kotle s prirodzen\u00fdm \u0165ahom, s uzavretou komorou (Turbo kotle) ale aj kondenza\u010dn\u00e9 kotle. Skop\u00edruj\u00fa ak\u00fdko\u013evek tvar kom\u00ednov, ich zalomenie, \u00fahyby aj zmeny prierezu. Vlo\u017eka je vhodn\u00e1 aj pre spolo\u010dn\u00e9 kom\u00edny! Vlo\u017eka FURANFLEX\u00ae&hellip;&nbsp;\u010c\u00edta\u0165 viac &raquo;Kom\u00edny PLYN &#8211; LTO","og_url":"https:\/\/www.furanflex.sk\/?page_id=2626","og_site_name":"Furanflex","article_modified_time":"2025-02-09T13:37:29+00:00","og_image":[{"url":"https:\/\/www.furanflex.sk\/wp-content\/uploads\/2022\/08\/3-1-1.jpg"}],"twitter_card":"summary_large_image","twitter_misc":{"Predpokladan\u00fd \u010das \u010d\u00edtania":"3 min\u00faty"},"schema":{"@context":"https:\/\/schema.org","@graph":[{"@type":"Organization","@id":"https:\/\/www.furanflex.sk\/#organization","name":"Furanflex","url":"https:\/\/www.furanflex.sk\/","sameAs":[],"logo":{"@type":"ImageObject","inLanguage":"sk-SK","@id":"https:\/\/www.furanflex.sk\/#\/schema\/logo\/image\/","url":"https:\/\/www.furanflex.sk\/wp-content\/uploads\/2020\/12\/web-agency-logo-3.png","contentUrl":"https:\/\/www.furanflex.sk\/wp-content\/uploads\/2020\/12\/web-agency-logo-3.png","width":200,"height":200,"caption":"Furanflex"},"image":{"@id":"https:\/\/www.furanflex.sk\/#\/schema\/logo\/image\/"}},{"@type":"WebSite","@id":"https:\/\/www.furanflex.sk\/#website","url":"https:\/\/www.furanflex.sk\/","name":"Furanflex","description":"Furanflex kom\u00edny","publisher":{"@id":"https:\/\/www.furanflex.sk\/#organization"},"potentialAction":[{"@type":"SearchAction","target":{"@type":"EntryPoint","urlTemplate":"https:\/\/www.furanflex.sk\/?s={search_term_string}"},"query-input":"required name=search_term_string"}],"inLanguage":"sk-SK"},{"@type":"WebPage","@id":"https:\/\/www.furanflex.sk\/?page_id=2626","url":"https:\/\/www.furanflex.sk\/?page_id=2626","name":"Kom\u00edny PLYN - LTO - Furanflex","isPartOf":{"@id":"https:\/\/www.furanflex.sk\/#website"},"datePublished":"2022-08-16T16:20:19+00:00","dateModified":"2025-02-09T13:37:29+00:00","breadcrumb":{"@id":"https:\/\/www.furanflex.sk\/?page_id=2626#breadcrumb"},"inLanguage":"sk-SK","potentialAction":[{"@type":"ReadAction","target":["https:\/\/www.furanflex.sk\/?page_id=2626"]}]},{"@type":"BreadcrumbList","@id":"https:\/\/www.furanflex.sk\/?page_id=2626#breadcrumb","itemListElement":[{"@type":"ListItem","position":1,"name":"Home","item":"https:\/\/www.furanflex.sk\/"},{"@type":"ListItem","position":2,"name":"Kom\u00edny PLYN &#8211; LTO"}]}]}},"_links":{"self":[{"href":"https:\/\/www.furanflex.sk\/index.php?rest_route=\/wp\/v2\/pages\/2626"}],"collection":[{"href":"https:\/\/www.furanflex.sk\/index.php?rest_route=\/wp\/v2\/pages"}],"about":[{"href":"https:\/\/www.furanflex.sk\/index.php?rest_route=\/wp\/v2\/types\/page"}],"author":[{"embeddable":true,"href":"https:\/\/www.furanflex.sk\/index.php?rest_route=\/wp\/v2\/users\/1"}],"replies":[{"embeddable":true,"href":"https:\/\/www.furanflex.sk\/index.php?rest_route=%2Fwp%2Fv2%2Fcomments&post=2626"}],"version-history":[{"count":6,"href":"https:\/\/www.furanflex.sk\/index.php?rest_route=\/wp\/v2\/pages\/2626\/revisions"}],"predecessor-version":[{"id":3117,"href":"https:\/\/www.furanflex.sk\/index.php?rest_route=\/wp\/v2\/pages\/2626\/revisions\/3117"}],"wp:attachment":[{"href":"https:\/\/www.furanflex.sk\/index.php?rest_route=%2Fwp%2Fv2%2Fmedia&parent=2626"}],"curies":[{"name":"wp","href":"https:\/\/api.w.org\/{rel}","templated":true}]}}